{"id":3059,"date":"2024-03-11T20:40:55","date_gmt":"2024-03-11T20:40:55","guid":{"rendered":"https:\/\/lanavital.com\/?post_type=product&#038;p=3059"},"modified":"2025-08-07T01:33:40","modified_gmt":"2025-08-07T01:33:40","slug":"8-tedenski-program-huujsanja","status":"publish","type":"product","link":"https:\/\/lanavital.com\/en\/product\/8-tedenski-program-huujsanja\/","title":{"rendered":"8 tedenski program huj\u0161anja"},"content":{"rendered":"<p><span style=\"font-size: 18px;\"><strong>Si sit\/a neprestanih diet, odrekanja, stradanja in \u00bbjo-jo efekta\u00ab? <\/strong><\/span><br \/>\n<span style=\"font-size: 18px;\">Si se \u017ee ni\u010dkolikokrat odlo\u010dil\/a, da bo\u0161 shuj\u0161al\/a, pa ti ni nikoli zares uspelo?<\/span><br \/>\n<span style=\"font-size: 18px;\">Si kilograme morda izgubil\/a, vendar si jih kaj hitro spet pridobil\/a?<\/span><br \/>\n<span style=\"font-size: 18px;\">Si \u017ee obupal\/a nad sabo in se sprijaznil\/a s tem, da se nikoli ne bo\u0161 po\u010dutil\/a dobro v svoji ko\u017ei?<\/span><br \/>\n<span style=\"font-size: 18px;\">Zate imam <strong>re\u0161itev<\/strong>!<\/span><\/p>\n<p data-pm-slice=\"1 1 []\"><span style=\"font-size: 18px;\">Pred tabo je\u00a0<strong>8-tedenski program huj\u0161anja<\/strong>, ki je zasnovan tako, da vam<\/span> <span style=\"font-size: 18px;\">pomaga razumeti prehrano, premagati izzive in dose\u010di svoje cilje na zdrav in uravnote\u017een na\u010din.<\/span><\/p>","protected":false},"excerpt":{"rendered":"<p>Si sit\/a neprestanih diet, odrekanja, stradanja in \u00bbjo-jo efekta\u00ab? Si se \u017ee ni\u010dkolikokrat odlo\u010dil\/a, da bo\u0161 shuj\u0161al\/a, pa ti ni nikoli zares uspelo? Si kilograme morda izgubil\/a, vendar si jih kaj hitro spet pridobil\/a? Si \u017ee obupal\/a nad sabo in se sprijaznil\/a s tem, da se nikoli ne bo\u0161 po\u010dutil\/a dobro v svoji ko\u017ei? Zate&hellip;&nbsp;<a href=\"https:\/\/lanavital.com\/en\/product\/8-tedenski-program-huujsanja\/\" rel=\"bookmark\">Read More &raquo;<span class=\"screen-reader-text\">8 tedenski program huj\u0161anja<\/span><\/a><\/p>","protected":false},"featured_media":3057,"comment_status":"closed","ping_status":"closed","template":"","meta":{"_acf_changed":false,"neve_meta_sidebar":"","neve_meta_container":"","neve_meta_enable_content_width":"off","neve_meta_content_width":100,"neve_meta_title_alignment":"","neve_meta_author_avatar":"","neve_post_elements_order":"","neve_meta_disable_header":"","neve_meta_disable_footer":"","neve_meta_disable_title":""},"product_brand":[],"product_cat":[16],"product_tag":[],"class_list":{"0":"post-3059","1":"product","2":"type-product","3":"status-publish","4":"has-post-thumbnail","6":"product_cat-uncategorized","8":"first","9":"instock","10":"downloadable","11":"virtual","12":"purchasable","13":"product-type-simple"},"acf":[],"yoast_head":"<!-- This site is optimized with the Yoast SEO plugin v27.0 - https:\/\/yoast.com\/product\/yoast-seo-wordpress\/ -->\n<title>8 tedenski program huj\u0161anja - LanaVital<\/title>\n<meta name=\"robots\" content=\"index, follow, max-snippet:-1, max-image-preview:large, max-video-preview:-1\" \/>\n<link rel=\"canonical\" href=\"https:\/\/lanavital.com\/en\/product\/8-tedenski-program-huujsanja\/\" \/>\n<meta property=\"og:locale\" content=\"en_GB\" \/>\n<meta property=\"og:type\" content=\"article\" \/>\n<meta property=\"og:title\" content=\"8 tedenski program huj\u0161anja - LanaVital\" \/>\n<meta property=\"og:description\" content=\"Si sit\/a neprestanih diet, odrekanja, stradanja in \u00bbjo-jo efekta\u00ab? Si se \u017ee ni\u010dkolikokrat odlo\u010dil\/a, da bo\u0161 shuj\u0161al\/a, pa ti ni nikoli zares uspelo? Si kilograme morda izgubil\/a, vendar si jih kaj hitro spet pridobil\/a? Si \u017ee obupal\/a nad sabo in se sprijaznil\/a s tem, da se nikoli ne bo\u0161 po\u010dutil\/a dobro v svoji ko\u017ei? Zate&hellip;&nbsp;Read More &raquo;8 tedenski program huj\u0161anja\" \/>\n<meta property=\"og:url\" content=\"https:\/\/lanavital.com\/en\/product\/8-tedenski-program-huujsanja\/\" \/>\n<meta property=\"og:site_name\" content=\"LanaVital\" \/>\n<meta property=\"article:modified_time\" content=\"2025-08-07T01:33:40+00:00\" \/>\n<meta property=\"og:image\" content=\"https:\/\/lanavital.com\/wp-content\/uploads\/2023\/12\/1.png\" \/>\n\t<meta property=\"og:image:width\" content=\"1080\" \/>\n\t<meta property=\"og:image:height\" content=\"1350\" \/>\n\t<meta property=\"og:image:type\" content=\"image\/png\" \/>\n<meta name=\"twitter:card\" content=\"summary_large_image\" \/>\n<meta name=\"twitter:label1\" content=\"Estimated reading time\" \/>\n\t<meta name=\"twitter:data1\" content=\"1 minute\" \/>\n<script type=\"application\/ld+json\" class=\"yoast-schema-graph\">{\"@context\":\"https:\/\/schema.org\",\"@graph\":[{\"@type\":\"WebPage\",\"@id\":\"https:\/\/lanavital.com\/product\/8-tedenski-program-huujsanja\/\",\"url\":\"https:\/\/lanavital.com\/product\/8-tedenski-program-huujsanja\/\",\"name\":\"8 tedenski program huj\u0161anja - LanaVital\",\"isPartOf\":{\"@id\":\"https:\/\/lanavital.com\/#website\"},\"primaryImageOfPage\":{\"@id\":\"https:\/\/lanavital.com\/product\/8-tedenski-program-huujsanja\/#primaryimage\"},\"image\":{\"@id\":\"https:\/\/lanavital.com\/product\/8-tedenski-program-huujsanja\/#primaryimage\"},\"thumbnailUrl\":\"https:\/\/lanavital.com\/wp-content\/uploads\/2023\/12\/1.png\",\"datePublished\":\"2024-03-11T20:40:55+00:00\",\"dateModified\":\"2025-08-07T01:33:40+00:00\",\"breadcrumb\":{\"@id\":\"https:\/\/lanavital.com\/product\/8-tedenski-program-huujsanja\/#breadcrumb\"},\"inLanguage\":\"en-GB\",\"potentialAction\":[{\"@type\":\"ReadAction\",\"target\":[\"https:\/\/lanavital.com\/product\/8-tedenski-program-huujsanja\/\"]}]},{\"@type\":\"ImageObject\",\"inLanguage\":\"en-GB\",\"@id\":\"https:\/\/lanavital.com\/product\/8-tedenski-program-huujsanja\/#primaryimage\",\"url\":\"https:\/\/lanavital.com\/wp-content\/uploads\/2023\/12\/1.png\",\"contentUrl\":\"https:\/\/lanavital.com\/wp-content\/uploads\/2023\/12\/1.png\",\"width\":1080,\"height\":1350},{\"@type\":\"BreadcrumbList\",\"@id\":\"https:\/\/lanavital.com\/product\/8-tedenski-program-huujsanja\/#breadcrumb\",\"itemListElement\":[{\"@type\":\"ListItem\",\"position\":1,\"name\":\"Home\",\"item\":\"https:\/\/lanavital.com\/\"},{\"@type\":\"ListItem\",\"position\":2,\"name\":\"Izdelki\",\"item\":\"https:\/\/lanavital.com\/shop\/\"},{\"@type\":\"ListItem\",\"position\":3,\"name\":\"8 tedenski program huj\u0161anja\"}]},{\"@type\":\"WebSite\",\"@id\":\"https:\/\/lanavital.com\/#website\",\"url\":\"https:\/\/lanavital.com\/\",\"name\":\"LanaVital\",\"description\":\"Prehransko svetovanje\",\"publisher\":{\"@id\":\"https:\/\/lanavital.com\/#organization\"},\"potentialAction\":[{\"@type\":\"SearchAction\",\"target\":{\"@type\":\"EntryPoint\",\"urlTemplate\":\"https:\/\/lanavital.com\/?s={search_term_string}\"},\"query-input\":{\"@type\":\"PropertyValueSpecification\",\"valueRequired\":true,\"valueName\":\"search_term_string\"}}],\"inLanguage\":\"en-GB\"},{\"@type\":\"Organization\",\"@id\":\"https:\/\/lanavital.com\/#organization\",\"name\":\"LanaVital\",\"url\":\"https:\/\/lanavital.com\/\",\"logo\":{\"@type\":\"ImageObject\",\"inLanguage\":\"en-GB\",\"@id\":\"https:\/\/lanavital.com\/#\/schema\/logo\/image\/\",\"url\":\"https:\/\/lanavital.com\/wp-content\/uploads\/2023\/12\/logo_only.svg\",\"contentUrl\":\"https:\/\/lanavital.com\/wp-content\/uploads\/2023\/12\/logo_only.svg\",\"width\":140,\"height\":25,\"caption\":\"LanaVital\"},\"image\":{\"@id\":\"https:\/\/lanavital.com\/#\/schema\/logo\/image\/\"}}]}<\/script>\n<!-- \/ Yoast SEO plugin. -->","yoast_head_json":{"title":"8 tedenski program huj\u0161anja - LanaVital","robots":{"index":"index","follow":"follow","max-snippet":"max-snippet:-1","max-image-preview":"max-image-preview:large","max-video-preview":"max-video-preview:-1"},"canonical":"https:\/\/lanavital.com\/en\/product\/8-tedenski-program-huujsanja\/","og_locale":"en_GB","og_type":"article","og_title":"8 tedenski program huj\u0161anja - LanaVital","og_description":"Si sit\/a neprestanih diet, odrekanja, stradanja in \u00bbjo-jo efekta\u00ab? Si se \u017ee ni\u010dkolikokrat odlo\u010dil\/a, da bo\u0161 shuj\u0161al\/a, pa ti ni nikoli zares uspelo? Si kilograme morda izgubil\/a, vendar si jih kaj hitro spet pridobil\/a? Si \u017ee obupal\/a nad sabo in se sprijaznil\/a s tem, da se nikoli ne bo\u0161 po\u010dutil\/a dobro v svoji ko\u017ei? Zate&hellip;&nbsp;Read More &raquo;8 tedenski program huj\u0161anja","og_url":"https:\/\/lanavital.com\/en\/product\/8-tedenski-program-huujsanja\/","og_site_name":"LanaVital","article_modified_time":"2025-08-07T01:33:40+00:00","og_image":[{"width":1080,"height":1350,"url":"https:\/\/lanavital.com\/wp-content\/uploads\/2023\/12\/1.png","type":"image\/png"}],"twitter_card":"summary_large_image","twitter_misc":{"Estimated reading time":"1 minute"},"schema":{"@context":"https:\/\/schema.org","@graph":[{"@type":"WebPage","@id":"https:\/\/lanavital.com\/product\/8-tedenski-program-huujsanja\/","url":"https:\/\/lanavital.com\/product\/8-tedenski-program-huujsanja\/","name":"8 tedenski program huj\u0161anja - LanaVital","isPartOf":{"@id":"https:\/\/lanavital.com\/#website"},"primaryImageOfPage":{"@id":"https:\/\/lanavital.com\/product\/8-tedenski-program-huujsanja\/#primaryimage"},"image":{"@id":"https:\/\/lanavital.com\/product\/8-tedenski-program-huujsanja\/#primaryimage"},"thumbnailUrl":"https:\/\/lanavital.com\/wp-content\/uploads\/2023\/12\/1.png","datePublished":"2024-03-11T20:40:55+00:00","dateModified":"2025-08-07T01:33:40+00:00","breadcrumb":{"@id":"https:\/\/lanavital.com\/product\/8-tedenski-program-huujsanja\/#breadcrumb"},"inLanguage":"en-GB","potentialAction":[{"@type":"ReadAction","target":["https:\/\/lanavital.com\/product\/8-tedenski-program-huujsanja\/"]}]},{"@type":"ImageObject","inLanguage":"en-GB","@id":"https:\/\/lanavital.com\/product\/8-tedenski-program-huujsanja\/#primaryimage","url":"https:\/\/lanavital.com\/wp-content\/uploads\/2023\/12\/1.png","contentUrl":"https:\/\/lanavital.com\/wp-content\/uploads\/2023\/12\/1.png","width":1080,"height":1350},{"@type":"BreadcrumbList","@id":"https:\/\/lanavital.com\/product\/8-tedenski-program-huujsanja\/#breadcrumb","itemListElement":[{"@type":"ListItem","position":1,"name":"Home","item":"https:\/\/lanavital.com\/"},{"@type":"ListItem","position":2,"name":"Izdelki","item":"https:\/\/lanavital.com\/shop\/"},{"@type":"ListItem","position":3,"name":"8 tedenski program huj\u0161anja"}]},{"@type":"WebSite","@id":"https:\/\/lanavital.com\/#website","url":"https:\/\/lanavital.com\/","name":"LanaVital","description":"Prehransko svetovanje","publisher":{"@id":"https:\/\/lanavital.com\/#organization"},"potentialAction":[{"@type":"SearchAction","target":{"@type":"EntryPoint","urlTemplate":"https:\/\/lanavital.com\/?s={search_term_string}"},"query-input":{"@type":"PropertyValueSpecification","valueRequired":true,"valueName":"search_term_string"}}],"inLanguage":"en-GB"},{"@type":"Organization","@id":"https:\/\/lanavital.com\/#organization","name":"LanaVital","url":"https:\/\/lanavital.com\/","logo":{"@type":"ImageObject","inLanguage":"en-GB","@id":"https:\/\/lanavital.com\/#\/schema\/logo\/image\/","url":"https:\/\/lanavital.com\/wp-content\/uploads\/2023\/12\/logo_only.svg","contentUrl":"https:\/\/lanavital.com\/wp-content\/uploads\/2023\/12\/logo_only.svg","width":140,"height":25,"caption":"LanaVital"},"image":{"@id":"https:\/\/lanavital.com\/#\/schema\/logo\/image\/"}}]}},"_links":{"self":[{"href":"https:\/\/lanavital.com\/en\/wp-json\/wp\/v2\/product\/3059","targetHints":{"allow":["GET"]}}],"collection":[{"href":"https:\/\/lanavital.com\/en\/wp-json\/wp\/v2\/product"}],"about":[{"href":"https:\/\/lanavital.com\/en\/wp-json\/wp\/v2\/types\/product"}],"replies":[{"embeddable":true,"href":"https:\/\/lanavital.com\/en\/wp-json\/wp\/v2\/comments?post=3059"}],"version-history":[{"count":32,"href":"https:\/\/lanavital.com\/en\/wp-json\/wp\/v2\/product\/3059\/revisions"}],"predecessor-version":[{"id":6415,"href":"https:\/\/lanavital.com\/en\/wp-json\/wp\/v2\/product\/3059\/revisions\/6415"}],"wp:featuredmedia":[{"embeddable":true,"href":"https:\/\/lanavital.com\/en\/wp-json\/wp\/v2\/media\/3057"}],"wp:attachment":[{"href":"https:\/\/lanavital.com\/en\/wp-json\/wp\/v2\/media?parent=3059"}],"wp:term":[{"taxonomy":"product_brand","embeddable":true,"href":"https:\/\/lanavital.com\/en\/wp-json\/wp\/v2\/product_brand?post=3059"},{"taxonomy":"product_cat","embeddable":true,"href":"https:\/\/lanavital.com\/en\/wp-json\/wp\/v2\/product_cat?post=3059"},{"taxonomy":"product_tag","embeddable":true,"href":"https:\/\/lanavital.com\/en\/wp-json\/wp\/v2\/product_tag?post=3059"}],"curies":[{"name":"wp","href":"https:\/\/api.w.org\/{rel}","templated":true}]}}