{"id":3296,"date":"2024-03-18T17:33:47","date_gmt":"2024-03-18T17:33:47","guid":{"rendered":"https:\/\/lanavital.com\/?page_id=3296"},"modified":"2024-05-09T08:38:32","modified_gmt":"2024-05-09T08:38:32","slug":"recepti","status":"publish","type":"page","link":"https:\/\/lanavital.com\/en\/recepti\/","title":{"rendered":"Recepti"},"content":{"rendered":"\t\t<div data-elementor-type=\"wp-page\" data-elementor-id=\"3296\" class=\"elementor elementor-3296\" data-elementor-post-type=\"page\">\n\t\t\t\t<div class=\"elementor-element elementor-element-f37d0a2 e-flex e-con-boxed e-con e-parent\" data-id=\"f37d0a2\" data-element_type=\"container\" data-e-type=\"container\" data-settings=\"{&quot;background_background&quot;:&quot;classic&quot;}\">\n\t\t\t\t\t<div class=\"e-con-inner\">\n\t\t\t\t<div class=\"elementor-element elementor-element-82d8a82 elementor-widget elementor-widget-heading\" data-id=\"82d8a82\" data-element_type=\"widget\" data-e-type=\"widget\" data-widget_type=\"heading.default\">\n\t\t\t\t<div class=\"elementor-widget-container\">\n\t\t\t\t\t<h2 class=\"elementor-heading-title elementor-size-default\">RECEPTI<\/h2>\t\t\t\t<\/div>\n\t\t\t\t<\/div>\n\t\t\t\t\t<\/div>\n\t\t\t\t<\/div>\n\t\t<div class=\"elementor-element elementor-element-6a86756 e-flex e-con-boxed e-con e-parent\" data-id=\"6a86756\" data-element_type=\"container\" data-e-type=\"container\">\n\t\t\t\t\t<div class=\"e-con-inner\">\n\t\t\t\t<div class=\"elementor-element elementor-element-b566cdb elementor-grid-3 elementor-grid-tablet-2 elementor-grid-mobile-1 elementor-widget elementor-widget-loop-grid\" data-id=\"b566cdb\" data-element_type=\"widget\" data-e-type=\"widget\" data-settings=\"{&quot;template_id&quot;:&quot;1463&quot;,&quot;_skin&quot;:&quot;post&quot;,&quot;columns&quot;:&quot;3&quot;,&quot;columns_tablet&quot;:&quot;2&quot;,&quot;columns_mobile&quot;:&quot;1&quot;,&quot;edit_handle_selector&quot;:&quot;[data-elementor-type=\\&quot;loop-item\\&quot;]&quot;,&quot;row_gap&quot;:{&quot;unit&quot;:&quot;px&quot;,&quot;size&quot;:&quot;&quot;,&quot;sizes&quot;:[]},&quot;row_gap_laptop&quot;:{&quot;unit&quot;:&quot;px&quot;,&quot;size&quot;:&quot;&quot;,&quot;sizes&quot;:[]},&quot;row_gap_tablet&quot;:{&quot;unit&quot;:&quot;px&quot;,&quot;size&quot;:&quot;&quot;,&quot;sizes&quot;:[]},&quot;row_gap_mobile&quot;:{&quot;unit&quot;:&quot;px&quot;,&quot;size&quot;:&quot;&quot;,&quot;sizes&quot;:[]}}\" data-widget_type=\"loop-grid.post\">\n\t\t\t\t<div class=\"elementor-widget-container\">\n\t\t\t\t\t\t\t<div class=\"elementor-loop-container elementor-grid\" role=\"list\">\n\t\t<style id=\"loop-1463\">.elementor-1463 .elementor-element.elementor-element-4f7292d{--display:flex;--justify-content:flex-start;--overflow:hidden;--border-radius:15px 15px 15px 15px;--padding-top:220px;--padding-bottom:20px;--padding-left:20px;--padding-right:20px;}.elementor-1463 .elementor-element.elementor-element-4f7292d:not(.elementor-motion-effects-element-type-background), .elementor-1463 .elementor-element.elementor-element-4f7292d > .elementor-motion-effects-container > .elementor-motion-effects-layer{background-color:transparent;background-image:linear-gradient(90deg, var( --e-global-color-dc870e8 ) 0%, var( --e-global-color-505f8af ) 100%);}.elementor-1463 .elementor-element.elementor-element-de66f74{--display:flex;--justify-content:space-between;--overflow:hidden;--position:absolute;top:0px;}body:not(.rtl) .elementor-1463 .elementor-element.elementor-element-de66f74{left:0px;}body.rtl .elementor-1463 .elementor-element.elementor-element-de66f74{right:0px;}.elementor-widget-image .widget-image-caption{color:var( --e-global-color-text );font-weight:var( --e-global-typography-text-font-weight );line-height:var( --e-global-typography-text-line-height );}.elementor-1463 .elementor-element.elementor-element-62ee87e img{width:100%;height:200px;object-fit:cover;object-position:center center;}.elementor-1463 .elementor-element.elementor-element-a1b85e8{--display:flex;--justify-content:space-between;}.elementor-1463 .elementor-element.elementor-element-d735b8f{--display:flex;}.elementor-widget-heading .elementor-heading-title{font-weight:var( --e-global-typography-primary-font-weight );line-height:var( --e-global-typography-primary-line-height );color:var( --e-global-color-primary );}.elementor-1463 .elementor-element.elementor-element-0f7d236{text-align:center;}.elementor-1463 .elementor-element.elementor-element-0f7d236 .elementor-heading-title{font-weight:var( --e-global-typography-text-font-weight );line-height:var( --e-global-typography-text-line-height );color:var( --e-global-color-text );}.elementor-1463 .elementor-element.elementor-element-0f7d236 > .elementor-widget-container{padding:0px 0px 10px 0px;}.elementor-1463 .elementor-element.elementor-element-90a703f{text-align:center;}.elementor-1463 .elementor-element.elementor-element-90a703f .elementor-heading-title{font-size:var( --e-global-typography-6d961aa-font-size );line-height:var( --e-global-typography-6d961aa-line-height );letter-spacing:var( --e-global-typography-6d961aa-letter-spacing );word-spacing:var( --e-global-typography-6d961aa-word-spacing );color:var( --e-global-color-text );}.elementor-1463 .elementor-element.elementor-element-90a703f > .elementor-widget-container{padding:0px 0px 20px 0px;}.elementor-1463 .elementor-element.elementor-element-8d04062 .elementor-heading-title{font-weight:var( --e-global-typography-text-font-weight );line-height:var( --e-global-typography-text-line-height );color:var( --e-global-color-text );}.elementor-1463 .elementor-element.elementor-element-8d04062 > .elementor-widget-container{padding:0px 0px 20px 0px;}@media(max-width:1366px){.elementor-widget-image .widget-image-caption{line-height:var( --e-global-typography-text-line-height );}.elementor-widget-heading .elementor-heading-title{line-height:var( --e-global-typography-primary-line-height );}.elementor-1463 .elementor-element.elementor-element-0f7d236 .elementor-heading-title{line-height:var( --e-global-typography-text-line-height );}.elementor-1463 .elementor-element.elementor-element-90a703f .elementor-heading-title{font-size:var( --e-global-typography-6d961aa-font-size );line-height:var( --e-global-typography-6d961aa-line-height );letter-spacing:var( --e-global-typography-6d961aa-letter-spacing );word-spacing:var( --e-global-typography-6d961aa-word-spacing );}.elementor-1463 .elementor-element.elementor-element-8d04062 .elementor-heading-title{line-height:var( --e-global-typography-text-line-height );}}@media(max-width:1024px){.elementor-widget-image .widget-image-caption{line-height:var( --e-global-typography-text-line-height );}.elementor-widget-heading .elementor-heading-title{line-height:var( --e-global-typography-primary-line-height );}.elementor-1463 .elementor-element.elementor-element-0f7d236 .elementor-heading-title{line-height:var( --e-global-typography-text-line-height );}.elementor-1463 .elementor-element.elementor-element-90a703f .elementor-heading-title{font-size:var( --e-global-typography-6d961aa-font-size );line-height:var( --e-global-typography-6d961aa-line-height );letter-spacing:var( --e-global-typography-6d961aa-letter-spacing );word-spacing:var( --e-global-typography-6d961aa-word-spacing );}.elementor-1463 .elementor-element.elementor-element-8d04062 .elementor-heading-title{line-height:var( --e-global-typography-text-line-height );}}@media(max-width:767px){.elementor-widget-image .widget-image-caption{line-height:var( --e-global-typography-text-line-height );}.elementor-widget-heading .elementor-heading-title{line-height:var( --e-global-typography-primary-line-height );}.elementor-1463 .elementor-element.elementor-element-0f7d236 .elementor-heading-title{line-height:var( --e-global-typography-text-line-height );}.elementor-1463 .elementor-element.elementor-element-90a703f .elementor-heading-title{font-size:var( --e-global-typography-6d961aa-font-size );line-height:var( --e-global-typography-6d961aa-line-height );letter-spacing:var( --e-global-typography-6d961aa-letter-spacing );word-spacing:var( --e-global-typography-6d961aa-word-spacing );}.elementor-1463 .elementor-element.elementor-element-8d04062 .elementor-heading-title{line-height:var( --e-global-typography-text-line-height );}}\/* Start custom CSS for heading, class: .elementor-element-90a703f *\/.elementor-1463 .elementor-element.elementor-element-90a703f h4 {\n    text-transform: uppercase;\n}\/* End custom CSS *\/<\/style>\t\t<div data-elementor-type=\"loop-item\" data-elementor-id=\"1463\" class=\"elementor elementor-1463 e-loop-item e-loop-item-1458 post-1458 recipe type-recipe status-publish has-post-thumbnail hentry\" data-elementor-post-type=\"elementor_library\" data-custom-edit-handle=\"1\">\n\t\t\t<a class=\"elementor-element elementor-element-4f7292d e-flex e-con-boxed e-con e-child\" data-id=\"4f7292d\" data-element_type=\"container\" data-e-type=\"container\" data-settings=\"{&quot;background_background&quot;:&quot;gradient&quot;}\" href=\"https:\/\/lanavital.com\/en\/recipe\/salad-bowl-of-a-thousand-delicacies\/\">\n\t\t\t\t\t<div class=\"e-con-inner\">\n\t\t<div class=\"elementor-element elementor-element-de66f74 e-flex e-con-boxed e-con e-child\" data-id=\"de66f74\" data-element_type=\"container\" data-e-type=\"container\" data-settings=\"{&quot;position&quot;:&quot;absolute&quot;}\">\n\t\t\t\t\t<div class=\"e-con-inner\">\n\t\t\t\t<div class=\"elementor-element elementor-element-62ee87e elementor-widget elementor-widget-image\" data-id=\"62ee87e\" data-element_type=\"widget\" data-e-type=\"widget\" data-widget_type=\"image.default\">\n\t\t\t\t<div class=\"elementor-widget-container\">\n\t\t\t\t\t\t\t\t\t\t\t\t\t\t\t<img fetchpriority=\"high\" decoding=\"async\" width=\"200\" height=\"300\" src=\"https:\/\/lanavital.com\/wp-content\/uploads\/2023\/12\/DSCF4580-200x300.jpg\" class=\"attachment-medium size-medium wp-image-3282\" alt=\"\" srcset=\"https:\/\/lanavital.com\/wp-content\/uploads\/2023\/12\/DSCF4580-200x300.jpg 200w, https:\/\/lanavital.com\/wp-content\/uploads\/2023\/12\/DSCF4580-683x1024.jpg 683w, https:\/\/lanavital.com\/wp-content\/uploads\/2023\/12\/DSCF4580-768x1152.jpg 768w, https:\/\/lanavital.com\/wp-content\/uploads\/2023\/12\/DSCF4580-1024x1536.jpg 1024w, https:\/\/lanavital.com\/wp-content\/uploads\/2023\/12\/DSCF4580-1365x2048.jpg 1365w, https:\/\/lanavital.com\/wp-content\/uploads\/2023\/12\/DSCF4580-8x12.jpg 8w, https:\/\/lanavital.com\/wp-content\/uploads\/2023\/12\/DSCF4580-600x900.jpg 600w, https:\/\/lanavital.com\/wp-content\/uploads\/2023\/12\/DSCF4580-scaled.jpg 1707w\" sizes=\"(max-width: 200px) 100vw, 200px\" \/>\t\t\t\t\t\t\t\t\t\t\t\t\t\t\t<\/div>\n\t\t\t\t<\/div>\n\t\t\t\t\t<\/div>\n\t\t\t\t<\/div>\n\t\t<div class=\"elementor-element elementor-element-a1b85e8 e-flex e-con-boxed e-con e-child\" data-id=\"a1b85e8\" data-element_type=\"container\" data-e-type=\"container\">\n\t\t\t\t\t<div class=\"e-con-inner\">\n\t\t<div class=\"elementor-element elementor-element-d735b8f e-flex e-con-boxed e-con e-child\" data-id=\"d735b8f\" data-element_type=\"container\" data-e-type=\"container\">\n\t\t\t\t\t<div class=\"e-con-inner\">\n\t\t\t\t<div class=\"elementor-element elementor-element-0f7d236 elementor-widget elementor-widget-heading\" data-id=\"0f7d236\" data-element_type=\"widget\" data-e-type=\"widget\" data-widget_type=\"heading.default\">\n\t\t\t\t<div class=\"elementor-widget-container\">\n\t\t\t\t\t<div class=\"elementor-heading-title elementor-size-default\">Glavni obrok<\/div>\t\t\t\t<\/div>\n\t\t\t\t<\/div>\n\t\t\t\t<div class=\"elementor-element elementor-element-90a703f elementor-widget elementor-widget-heading\" data-id=\"90a703f\" data-element_type=\"widget\" data-e-type=\"widget\" data-widget_type=\"heading.default\">\n\t\t\t\t<div class=\"elementor-widget-container\">\n\t\t\t\t\t<h4 class=\"elementor-heading-title elementor-size-default\">Veganska beljakovinska skleda<\/h4>\t\t\t\t<\/div>\n\t\t\t\t<\/div>\n\t\t\t\t<div class=\"elementor-element elementor-element-8d04062 elementor-widget elementor-widget-heading\" data-id=\"8d04062\" data-element_type=\"widget\" data-e-type=\"widget\" data-widget_type=\"heading.default\">\n\t\t\t\t<div class=\"elementor-widget-container\">\n\t\t\t\t\t<p class=\"elementor-heading-title elementor-size-default\">Kdo ne obo\u017euje odli\u010dne sklede najrazli\u010dnej\u0161ih dobrot? Predstavljam vam recept za polnovredno, hranljivo in izjemno okusno beljakovinsko skledo, ki bo navdu\u0161ila tako va\u0161e brbon\u010dice kot va\u0161e telo.<\/p>\t\t\t\t<\/div>\n\t\t\t\t<\/div>\n\t\t\t\t\t<\/div>\n\t\t\t\t<\/div>\n\t\t\t\t\t<\/div>\n\t\t\t\t<\/div>\n\t\t\t\t\t<\/div>\n\t\t\t\t<\/a>\n\t\t\t\t<\/div>\n\t\t\t\t<div data-elementor-type=\"loop-item\" data-elementor-id=\"1463\" class=\"elementor elementor-1463 e-loop-item e-loop-item-1423 post-1423 recipe type-recipe status-publish has-post-thumbnail hentry\" data-elementor-post-type=\"elementor_library\" data-custom-edit-handle=\"1\">\n\t\t\t<a class=\"elementor-element elementor-element-4f7292d e-flex e-con-boxed e-con e-child\" data-id=\"4f7292d\" data-element_type=\"container\" data-e-type=\"container\" data-settings=\"{&quot;background_background&quot;:&quot;gradient&quot;}\" href=\"https:\/\/lanavital.com\/en\/recipe\/salmon-with-sweet-potatoes\/\">\n\t\t\t\t\t<div class=\"e-con-inner\">\n\t\t<div class=\"elementor-element elementor-element-de66f74 e-flex e-con-boxed e-con e-child\" data-id=\"de66f74\" data-element_type=\"container\" data-e-type=\"container\" data-settings=\"{&quot;position&quot;:&quot;absolute&quot;}\">\n\t\t\t\t\t<div class=\"e-con-inner\">\n\t\t\t\t<div class=\"elementor-element elementor-element-62ee87e elementor-widget elementor-widget-image\" data-id=\"62ee87e\" data-element_type=\"widget\" data-e-type=\"widget\" data-widget_type=\"image.default\">\n\t\t\t\t<div class=\"elementor-widget-container\">\n\t\t\t\t\t\t\t\t\t\t\t\t\t\t\t<img decoding=\"async\" width=\"200\" height=\"300\" src=\"https:\/\/lanavital.com\/wp-content\/uploads\/2023\/12\/DSCF1663-200x300.jpg\" class=\"attachment-medium size-medium wp-image-3284\" alt=\"\" srcset=\"https:\/\/lanavital.com\/wp-content\/uploads\/2023\/12\/DSCF1663-200x300.jpg 200w, https:\/\/lanavital.com\/wp-content\/uploads\/2023\/12\/DSCF1663-683x1024.jpg 683w, https:\/\/lanavital.com\/wp-content\/uploads\/2023\/12\/DSCF1663-768x1152.jpg 768w, https:\/\/lanavital.com\/wp-content\/uploads\/2023\/12\/DSCF1663-1024x1536.jpg 1024w, https:\/\/lanavital.com\/wp-content\/uploads\/2023\/12\/DSCF1663-1365x2048.jpg 1365w, https:\/\/lanavital.com\/wp-content\/uploads\/2023\/12\/DSCF1663-8x12.jpg 8w, https:\/\/lanavital.com\/wp-content\/uploads\/2023\/12\/DSCF1663-600x900.jpg 600w, https:\/\/lanavital.com\/wp-content\/uploads\/2023\/12\/DSCF1663-scaled.jpg 1707w\" sizes=\"(max-width: 200px) 100vw, 200px\" \/>\t\t\t\t\t\t\t\t\t\t\t\t\t\t\t<\/div>\n\t\t\t\t<\/div>\n\t\t\t\t\t<\/div>\n\t\t\t\t<\/div>\n\t\t<div class=\"elementor-element elementor-element-a1b85e8 e-flex e-con-boxed e-con e-child\" data-id=\"a1b85e8\" data-element_type=\"container\" data-e-type=\"container\">\n\t\t\t\t\t<div class=\"e-con-inner\">\n\t\t<div class=\"elementor-element elementor-element-d735b8f e-flex e-con-boxed e-con e-child\" data-id=\"d735b8f\" data-element_type=\"container\" data-e-type=\"container\">\n\t\t\t\t\t<div class=\"e-con-inner\">\n\t\t\t\t<div class=\"elementor-element elementor-element-0f7d236 elementor-widget elementor-widget-heading\" data-id=\"0f7d236\" data-element_type=\"widget\" data-e-type=\"widget\" data-widget_type=\"heading.default\">\n\t\t\t\t<div class=\"elementor-widget-container\">\n\t\t\t\t\t<div class=\"elementor-heading-title elementor-size-default\">Zajtrk<\/div>\t\t\t\t<\/div>\n\t\t\t\t<\/div>\n\t\t\t\t<div class=\"elementor-element elementor-element-90a703f elementor-widget elementor-widget-heading\" data-id=\"90a703f\" data-element_type=\"widget\" data-e-type=\"widget\" data-widget_type=\"heading.default\">\n\t\t\t\t<div class=\"elementor-widget-container\">\n\t\t\t\t\t<h4 class=\"elementor-heading-title elementor-size-default\">Kremno proso z malinami<\/h4>\t\t\t\t<\/div>\n\t\t\t\t<\/div>\n\t\t\t\t<div class=\"elementor-element elementor-element-8d04062 elementor-widget elementor-widget-heading\" data-id=\"8d04062\" data-element_type=\"widget\" data-e-type=\"widget\" data-widget_type=\"heading.default\">\n\t\t\t\t<div class=\"elementor-widget-container\">\n\t\t\t\t\t<p class=\"elementor-heading-title elementor-size-default\">Z vami delim preprost, ampak nadvse okusen recept za idealen zdrav zajtrk, malico ali celo sladico!<\/p>\t\t\t\t<\/div>\n\t\t\t\t<\/div>\n\t\t\t\t\t<\/div>\n\t\t\t\t<\/div>\n\t\t\t\t\t<\/div>\n\t\t\t\t<\/div>\n\t\t\t\t\t<\/div>\n\t\t\t\t<\/a>\n\t\t\t\t<\/div>\n\t\t\t\t<div data-elementor-type=\"loop-item\" data-elementor-id=\"1463\" class=\"elementor elementor-1463 e-loop-item e-loop-item-1308 post-1308 recipe type-recipe status-publish has-post-thumbnail hentry\" data-elementor-post-type=\"elementor_library\" data-custom-edit-handle=\"1\">\n\t\t\t<a class=\"elementor-element elementor-element-4f7292d e-flex e-con-boxed e-con e-child\" data-id=\"4f7292d\" data-element_type=\"container\" data-e-type=\"container\" data-settings=\"{&quot;background_background&quot;:&quot;gradient&quot;}\" href=\"https:\/\/lanavital.com\/en\/recipe\/ovsena-kasa\/\">\n\t\t\t\t\t<div class=\"e-con-inner\">\n\t\t<div class=\"elementor-element elementor-element-de66f74 e-flex e-con-boxed e-con e-child\" data-id=\"de66f74\" data-element_type=\"container\" data-e-type=\"container\" data-settings=\"{&quot;position&quot;:&quot;absolute&quot;}\">\n\t\t\t\t\t<div class=\"e-con-inner\">\n\t\t\t\t<div class=\"elementor-element elementor-element-62ee87e elementor-widget elementor-widget-image\" data-id=\"62ee87e\" data-element_type=\"widget\" data-e-type=\"widget\" data-widget_type=\"image.default\">\n\t\t\t\t<div class=\"elementor-widget-container\">\n\t\t\t\t\t\t\t\t\t\t\t\t\t\t\t<img decoding=\"async\" width=\"200\" height=\"300\" src=\"https:\/\/lanavital.com\/wp-content\/uploads\/2023\/12\/DSCF1160-200x300.jpg\" class=\"attachment-medium size-medium wp-image-3286\" alt=\"\" srcset=\"https:\/\/lanavital.com\/wp-content\/uploads\/2023\/12\/DSCF1160-200x300.jpg 200w, https:\/\/lanavital.com\/wp-content\/uploads\/2023\/12\/DSCF1160-683x1024.jpg 683w, https:\/\/lanavital.com\/wp-content\/uploads\/2023\/12\/DSCF1160-768x1152.jpg 768w, https:\/\/lanavital.com\/wp-content\/uploads\/2023\/12\/DSCF1160-1024x1536.jpg 1024w, https:\/\/lanavital.com\/wp-content\/uploads\/2023\/12\/DSCF1160-1365x2048.jpg 1365w, https:\/\/lanavital.com\/wp-content\/uploads\/2023\/12\/DSCF1160-8x12.jpg 8w, https:\/\/lanavital.com\/wp-content\/uploads\/2023\/12\/DSCF1160-600x900.jpg 600w, https:\/\/lanavital.com\/wp-content\/uploads\/2023\/12\/DSCF1160-scaled.jpg 1707w\" sizes=\"(max-width: 200px) 100vw, 200px\" \/>\t\t\t\t\t\t\t\t\t\t\t\t\t\t\t<\/div>\n\t\t\t\t<\/div>\n\t\t\t\t\t<\/div>\n\t\t\t\t<\/div>\n\t\t<div class=\"elementor-element elementor-element-a1b85e8 e-flex e-con-boxed e-con e-child\" data-id=\"a1b85e8\" data-element_type=\"container\" data-e-type=\"container\">\n\t\t\t\t\t<div class=\"e-con-inner\">\n\t\t<div class=\"elementor-element elementor-element-d735b8f e-flex e-con-boxed e-con e-child\" data-id=\"d735b8f\" data-element_type=\"container\" data-e-type=\"container\">\n\t\t\t\t\t<div class=\"e-con-inner\">\n\t\t\t\t<div class=\"elementor-element elementor-element-0f7d236 elementor-widget elementor-widget-heading\" data-id=\"0f7d236\" data-element_type=\"widget\" data-e-type=\"widget\" data-widget_type=\"heading.default\">\n\t\t\t\t<div class=\"elementor-widget-container\">\n\t\t\t\t\t<div class=\"elementor-heading-title elementor-size-default\">Sladica<\/div>\t\t\t\t<\/div>\n\t\t\t\t<\/div>\n\t\t\t\t<div class=\"elementor-element elementor-element-90a703f elementor-widget elementor-widget-heading\" data-id=\"90a703f\" data-element_type=\"widget\" data-e-type=\"widget\" data-widget_type=\"heading.default\">\n\t\t\t\t<div class=\"elementor-widget-container\">\n\t\t\t\t\t<h4 class=\"elementor-heading-title elementor-size-default\">Najljub\u0161e bananine pala\u010dinke<\/h4>\t\t\t\t<\/div>\n\t\t\t\t<\/div>\n\t\t\t\t<div class=\"elementor-element elementor-element-8d04062 elementor-widget elementor-widget-heading\" data-id=\"8d04062\" data-element_type=\"widget\" data-e-type=\"widget\" data-widget_type=\"heading.default\">\n\t\t\t\t<div class=\"elementor-widget-container\">\n\t\t\t\t\t<p class=\"elementor-heading-title elementor-size-default\">Tale recept je \u010dista 10ka! \u010ce na svetu obstaja kak\u0161na hrana, ki bi jo lahko jedla vedno in povsod so to prav gotovo te \u010dudovite bananine pala\u010dinke, ki se kar stopijo v ustih.<\/p>\t\t\t\t<\/div>\n\t\t\t\t<\/div>\n\t\t\t\t\t<\/div>\n\t\t\t\t<\/div>\n\t\t\t\t\t<\/div>\n\t\t\t\t<\/div>\n\t\t\t\t\t<\/div>\n\t\t\t\t<\/a>\n\t\t\t\t<\/div>\n\t\t\t\t<\/div>\n\t\t\n\t\t\t\t\t\t<\/div>\n\t\t\t\t<\/div>\n\t\t\t\t\t<\/div>\n\t\t\t\t<\/div>\n\t\t\t\t<\/div>\n\t\t","protected":false},"excerpt":{"rendered":"<p>RECEPTI<\/p>","protected":false},"author":1,"featured_media":0,"parent":0,"menu_order":0,"comment_status":"closed","ping_status":"closed","template":"page-templates\/template-pagebuilder-full-width.php","meta":{"_acf_changed":false,"neve_meta_sidebar":"","neve_meta_container":"","neve_meta_enable_content_width":"off","neve_meta_content_width":100,"neve_meta_title_alignment":"","neve_meta_author_avatar":"","neve_post_elements_order":"","neve_meta_disable_header":"","neve_meta_disable_footer":"","neve_meta_disable_title":"","footnotes":""},"class_list":["post-3296","page","type-page","status-publish","hentry"],"acf":[],"yoast_head":"<!-- This site is optimized with the Yoast SEO plugin v27.0 - https:\/\/yoast.com\/product\/yoast-seo-wordpress\/ -->\n<title>Recepti - LanaVital<\/title>\n<meta name=\"robots\" content=\"index, follow, max-snippet:-1, max-image-preview:large, max-video-preview:-1\" \/>\n<link rel=\"canonical\" href=\"https:\/\/lanavital.com\/en\/recepti\/\" \/>\n<meta property=\"og:locale\" content=\"en_GB\" \/>\n<meta property=\"og:type\" content=\"article\" \/>\n<meta property=\"og:title\" content=\"Recepti - LanaVital\" \/>\n<meta property=\"og:description\" content=\"RECEPTI\" \/>\n<meta property=\"og:url\" content=\"https:\/\/lanavital.com\/en\/recepti\/\" \/>\n<meta property=\"og:site_name\" content=\"LanaVital\" \/>\n<meta property=\"article:modified_time\" content=\"2024-05-09T08:38:32+00:00\" \/>\n<meta name=\"twitter:card\" content=\"summary_large_image\" \/>\n<script type=\"application\/ld+json\" class=\"yoast-schema-graph\">{\"@context\":\"https:\/\/schema.org\",\"@graph\":[{\"@type\":\"WebPage\",\"@id\":\"https:\/\/lanavital.com\/recepti\/\",\"url\":\"https:\/\/lanavital.com\/recepti\/\",\"name\":\"Recepti - LanaVital\",\"isPartOf\":{\"@id\":\"https:\/\/lanavital.com\/#website\"},\"datePublished\":\"2024-03-18T17:33:47+00:00\",\"dateModified\":\"2024-05-09T08:38:32+00:00\",\"breadcrumb\":{\"@id\":\"https:\/\/lanavital.com\/recepti\/#breadcrumb\"},\"inLanguage\":\"en-GB\",\"potentialAction\":[{\"@type\":\"ReadAction\",\"target\":[\"https:\/\/lanavital.com\/recepti\/\"]}]},{\"@type\":\"BreadcrumbList\",\"@id\":\"https:\/\/lanavital.com\/recepti\/#breadcrumb\",\"itemListElement\":[{\"@type\":\"ListItem\",\"position\":1,\"name\":\"Home\",\"item\":\"https:\/\/lanavital.com\/\"},{\"@type\":\"ListItem\",\"position\":2,\"name\":\"Recepti\"}]},{\"@type\":\"WebSite\",\"@id\":\"https:\/\/lanavital.com\/#website\",\"url\":\"https:\/\/lanavital.com\/\",\"name\":\"LanaVital\",\"description\":\"Prehransko svetovanje\",\"publisher\":{\"@id\":\"https:\/\/lanavital.com\/#organization\"},\"potentialAction\":[{\"@type\":\"SearchAction\",\"target\":{\"@type\":\"EntryPoint\",\"urlTemplate\":\"https:\/\/lanavital.com\/?s={search_term_string}\"},\"query-input\":{\"@type\":\"PropertyValueSpecification\",\"valueRequired\":true,\"valueName\":\"search_term_string\"}}],\"inLanguage\":\"en-GB\"},{\"@type\":\"Organization\",\"@id\":\"https:\/\/lanavital.com\/#organization\",\"name\":\"LanaVital\",\"url\":\"https:\/\/lanavital.com\/\",\"logo\":{\"@type\":\"ImageObject\",\"inLanguage\":\"en-GB\",\"@id\":\"https:\/\/lanavital.com\/#\/schema\/logo\/image\/\",\"url\":\"https:\/\/lanavital.com\/wp-content\/uploads\/2023\/12\/logo_only.svg\",\"contentUrl\":\"https:\/\/lanavital.com\/wp-content\/uploads\/2023\/12\/logo_only.svg\",\"width\":140,\"height\":25,\"caption\":\"LanaVital\"},\"image\":{\"@id\":\"https:\/\/lanavital.com\/#\/schema\/logo\/image\/\"}}]}<\/script>\n<!-- \/ Yoast SEO plugin. -->","yoast_head_json":{"title":"Recepti - LanaVital","robots":{"index":"index","follow":"follow","max-snippet":"max-snippet:-1","max-image-preview":"max-image-preview:large","max-video-preview":"max-video-preview:-1"},"canonical":"https:\/\/lanavital.com\/en\/recepti\/","og_locale":"en_GB","og_type":"article","og_title":"Recepti - LanaVital","og_description":"RECEPTI","og_url":"https:\/\/lanavital.com\/en\/recepti\/","og_site_name":"LanaVital","article_modified_time":"2024-05-09T08:38:32+00:00","twitter_card":"summary_large_image","schema":{"@context":"https:\/\/schema.org","@graph":[{"@type":"WebPage","@id":"https:\/\/lanavital.com\/recepti\/","url":"https:\/\/lanavital.com\/recepti\/","name":"Recepti - LanaVital","isPartOf":{"@id":"https:\/\/lanavital.com\/#website"},"datePublished":"2024-03-18T17:33:47+00:00","dateModified":"2024-05-09T08:38:32+00:00","breadcrumb":{"@id":"https:\/\/lanavital.com\/recepti\/#breadcrumb"},"inLanguage":"en-GB","potentialAction":[{"@type":"ReadAction","target":["https:\/\/lanavital.com\/recepti\/"]}]},{"@type":"BreadcrumbList","@id":"https:\/\/lanavital.com\/recepti\/#breadcrumb","itemListElement":[{"@type":"ListItem","position":1,"name":"Home","item":"https:\/\/lanavital.com\/"},{"@type":"ListItem","position":2,"name":"Recepti"}]},{"@type":"WebSite","@id":"https:\/\/lanavital.com\/#website","url":"https:\/\/lanavital.com\/","name":"LanaVital","description":"Prehransko svetovanje","publisher":{"@id":"https:\/\/lanavital.com\/#organization"},"potentialAction":[{"@type":"SearchAction","target":{"@type":"EntryPoint","urlTemplate":"https:\/\/lanavital.com\/?s={search_term_string}"},"query-input":{"@type":"PropertyValueSpecification","valueRequired":true,"valueName":"search_term_string"}}],"inLanguage":"en-GB"},{"@type":"Organization","@id":"https:\/\/lanavital.com\/#organization","name":"LanaVital","url":"https:\/\/lanavital.com\/","logo":{"@type":"ImageObject","inLanguage":"en-GB","@id":"https:\/\/lanavital.com\/#\/schema\/logo\/image\/","url":"https:\/\/lanavital.com\/wp-content\/uploads\/2023\/12\/logo_only.svg","contentUrl":"https:\/\/lanavital.com\/wp-content\/uploads\/2023\/12\/logo_only.svg","width":140,"height":25,"caption":"LanaVital"},"image":{"@id":"https:\/\/lanavital.com\/#\/schema\/logo\/image\/"}}]}},"_links":{"self":[{"href":"https:\/\/lanavital.com\/en\/wp-json\/wp\/v2\/pages\/3296","targetHints":{"allow":["GET"]}}],"collection":[{"href":"https:\/\/lanavital.com\/en\/wp-json\/wp\/v2\/pages"}],"about":[{"href":"https:\/\/lanavital.com\/en\/wp-json\/wp\/v2\/types\/page"}],"author":[{"embeddable":true,"href":"https:\/\/lanavital.com\/en\/wp-json\/wp\/v2\/users\/1"}],"replies":[{"embeddable":true,"href":"https:\/\/lanavital.com\/en\/wp-json\/wp\/v2\/comments?post=3296"}],"version-history":[{"count":22,"href":"https:\/\/lanavital.com\/en\/wp-json\/wp\/v2\/pages\/3296\/revisions"}],"predecessor-version":[{"id":5102,"href":"https:\/\/lanavital.com\/en\/wp-json\/wp\/v2\/pages\/3296\/revisions\/5102"}],"wp:attachment":[{"href":"https:\/\/lanavital.com\/en\/wp-json\/wp\/v2\/media?parent=3296"}],"curies":[{"name":"wp","href":"https:\/\/api.w.org\/{rel}","templated":true}]}}