{"id":31,"date":"2023-11-26T09:39:26","date_gmt":"2023-11-26T09:39:26","guid":{"rendered":"https:\/\/lanavital.com\/?page_id=31"},"modified":"2024-05-16T19:33:34","modified_gmt":"2024-05-16T19:33:34","slug":"o-meni","status":"publish","type":"page","link":"https:\/\/lanavital.com\/en\/o-meni\/","title":{"rendered":"O meni"},"content":{"rendered":"<div data-elementor-type=\"wp-page\" data-elementor-id=\"31\" class=\"elementor elementor-31\" data-elementor-post-type=\"page\">\n\t\t\t\t<div class=\"elementor-element elementor-element-5e2c0c3 e-flex e-con-boxed e-con e-parent\" data-id=\"5e2c0c3\" data-element_type=\"container\" data-e-type=\"container\" data-settings=\"{&quot;background_background&quot;:&quot;gradient&quot;}\">\n\t\t\t\t\t<div class=\"e-con-inner\">\n\t\t<div class=\"elementor-element elementor-element-e6ce8fb e-flex e-con-boxed e-con e-child\" data-id=\"e6ce8fb\" data-element_type=\"container\" data-e-type=\"container\">\n\t\t\t\t\t<div class=\"e-con-inner\">\n\t\t\t\t<div class=\"elementor-element elementor-element-63e634e elementor-widget elementor-widget-heading\" data-id=\"63e634e\" data-element_type=\"widget\" data-e-type=\"widget\" data-widget_type=\"heading.default\">\n\t\t\t\t<div class=\"elementor-widget-container\">\n\t\t\t\t\t<div class=\"elementor-heading-title elementor-size-default\">In\u017e. mag. prehrane<\/div>\t\t\t\t<\/div>\n\t\t\t\t<\/div>\n\t\t\t\t<div class=\"elementor-element elementor-element-255e4ff elementor-widget elementor-widget-heading\" data-id=\"255e4ff\" data-element_type=\"widget\" data-e-type=\"widget\" data-widget_type=\"heading.default\">\n\t\t\t\t<div class=\"elementor-widget-container\">\n\t\t\t\t\t<h2 class=\"elementor-heading-title elementor-size-default\">Lana Krajnc<\/h2>\t\t\t\t<\/div>\n\t\t\t\t<\/div>\n\t\t\t\t<div class=\"elementor-element elementor-element-188aa56 elementor-widget elementor-widget-text-editor\" data-id=\"188aa56\" data-element_type=\"widget\" data-e-type=\"widget\" data-widget_type=\"text-editor.default\">\n\t\t\t\t<div class=\"elementor-widget-container\">\n\t\t\t\t\t\t\t\t\tMoja zgodba je zgodba o strasti do prehrane in osebni preobrazbi. \u017de od osnovne \u0161ole naprej me je fascinirala mo\u010d hrane in njen vpliv na na\u0161e \u017eivljenje. Toda konec osnovne \u0161ole je skupaj z fazo najstni\u0161tva prinesel moj najte\u017eji preizkus &#8211; soo\u010denje z anoreksijo. Prepri\u010dana sem, da so na pojav in razvoj teh te\u017eav v veliki meri vplivale tudi la\u017ene prehranske informacije in nezdravi standardi lepote in perfekcionizma, ki jih \u0161irijo socialna omre\u017eja in mediji.<br><br>\n\nKo sem se prebila iz te te\u017eke \u017eivljenske preisku\u0161nje, sem vedela, da \u017eelim iz prehranke zmede re\u0161iti \u0161e druge ter s tem v svetu narediti spremembo. Odlo\u010dila sem se za \u0161tudij prehrane, ker sem vedela, da lahko poleg izbolj\u0161anja svojega \u017eivljenja pomagam tudi drugim.<br><br>\n\nMoja strast do uravnote\u017eene prehrane me je gnala naprej, zato sem \u017ee pred koncem \u0161tudija ustanovila svoje podjetje v sklopu katerega ljudem svetujem kako se uravnote\u017eeno prehranjevati, hkrati pa stremim k temu, da razbijam vsesplo\u0161ne mite o prehrani, ki so lahko velikokrat povod za razvoj razli\u010dnih motenj hranjenja.<br><br>\n\nVerjetno mi ni treba posebej omenjati da zelo rad jem, obo\u017eujem zelenjavo in sadje, vendar v svoji prehrani cenim uravnote\u017eenost. Ne morem si predstavljati \u017eivljenja brez okusnega kruha, ki ga najraje kombiniram s so\u010dnimi paradi\u017eniki in osve\u017eujo\u010do mozzarello.<br><br>\n\nIn \u010deprav je moj vsakdan poln zdravih izbir, lahko marsikdo potrdi, da se sladoled precej pogosto pojavi na mojem jedilniku.<br><br>\n\nSem magistrica in\u017eenirka prehrane in moje poslanstvo je zagotoviti, da ljudje dobijo zanesljive in strokovne informacije o prehrani, ki jih potrebujejo. Moja zgodba je zgodba o preobrazbi in ljubezni do hrane, ki jo delim z vami, da lahko tudi vi \u017eivite bolj zdravo, polno in zadovoljno.<br><br>\t\t\t\t\t\t\t\t<\/div>\n\t\t\t\t<\/div>\n\t\t\t\t\t<\/div>\n\t\t\t\t<\/div>\n\t\t<div class=\"elementor-element elementor-element-7ce4ce9 e-flex e-con-boxed e-con e-child\" data-id=\"7ce4ce9\" data-element_type=\"container\" data-e-type=\"container\">\n\t\t\t\t\t<div class=\"e-con-inner\">\n\t\t<div class=\"elementor-element elementor-element-913d55e e-con-full e-flex e-con e-child\" data-id=\"913d55e\" data-element_type=\"container\" data-e-type=\"container\">\n\t\t\t\t<div class=\"elementor-element elementor-element-978dc34 elementor-widget elementor-widget-image\" data-id=\"978dc34\" data-element_type=\"widget\" data-e-type=\"widget\" data-widget_type=\"image.default\">\n\t\t\t\t<div class=\"elementor-widget-container\">\n\t\t\t\t\t\t\t\t\t\t\t\t\t\t\t<img fetchpriority=\"high\" decoding=\"async\" width=\"426\" height=\"640\" src=\"https:\/\/lanavital.com\/wp-content\/uploads\/2024\/02\/O-meni_LanaVitall.jpg\" class=\"attachment-full size-full wp-image-2402\" alt=\"\" srcset=\"https:\/\/lanavital.com\/wp-content\/uploads\/2024\/02\/O-meni_LanaVitall.jpg 426w, https:\/\/lanavital.com\/wp-content\/uploads\/2024\/02\/O-meni_LanaVitall-200x300.jpg 200w, https:\/\/lanavital.com\/wp-content\/uploads\/2024\/02\/O-meni_LanaVitall-8x12.jpg 8w\" sizes=\"(max-width: 426px) 100vw, 426px\" \/>\t\t\t\t\t\t\t\t\t\t\t\t\t\t\t<\/div>\n\t\t\t\t<\/div>\n\t\t\t\t<\/div>\n\t\t\t\t\t<\/div>\n\t\t\t\t<\/div>\n\t\t\t\t\t<\/div>\n\t\t\t\t<\/div>\n\t\t<div class=\"elementor-element elementor-element-7c34c99 e-flex e-con-boxed e-con e-parent\" data-id=\"7c34c99\" data-element_type=\"container\" data-e-type=\"container\">\n\t\t\t\t\t<div class=\"e-con-inner\">\n\t\t\t\t<div class=\"elementor-element elementor-element-187f051 elementor-widget elementor-widget-heading\" data-id=\"187f051\" data-element_type=\"widget\" data-e-type=\"widget\" data-widget_type=\"heading.default\">\n\t\t\t\t<div class=\"elementor-widget-container\">\n\t\t\t\t\t<h2 class=\"elementor-heading-title elementor-size-default\">MOJE POSLANSTVO<\/h2>\t\t\t\t<\/div>\n\t\t\t\t<\/div>\n\t\t\t\t<div class=\"elementor-element elementor-element-5e261dd elementor-widget elementor-widget-text-editor\" data-id=\"5e261dd\" data-element_type=\"widget\" data-e-type=\"widget\" data-widget_type=\"text-editor.default\">\n\t\t\t\t<div class=\"elementor-widget-container\">\n\t\t\t\t\t\t\t\t\tMoje poslanstvo izvira iz globokega prepri\u010danja v mo\u010d zdrave prehrane pri ustvarjanju izpolnjenega zdravega \u017eivljenja. Verjamem, da hrana ni le gorivo za na\u0161e telo, temve\u010d tudi nepogre\u0161ljiva sestavina na\u0161e vitalnosti, \u017eivljenjske energije in dobrega po\u010dutja.<br><br>\n\nPomagati vam \u017eelim odkriti mo\u010d uravnote\u017eene prehrane. Prehrana je namre\u010d ve\u010d kot le sredstvo za ohranjanje zdrave telesne mase. Je temeljni kamen dolgoro\u010dnega zdravja. S svojim znanjem, izku\u0161njami in strastjo si prizadevam, da vsako osebo usposobim, da sprejema ugodne prehranske odlo\u010ditve, ki bodo podpirale celostno dobro po\u010dutje.<br><br>\n\nZavedam se, da ni ene same poti k zdravju, zato moje svetovanje temelji na individualnem pristopu. Skupaj raziskujemo va\u0161e cilje, \u017eelje in potrebe ter oblikujemo prilagojen na\u010drt prehrane, ki ustreza va\u0161emu \u017eivljenjskemu slogu. Skupaj ustvarimo recept za va\u0161 individualen uspeh, ki vklju\u010duje tudi ideje za okusne in hranilno bogate obroke.<br><br>\n\nUvajanje sprememb prehranjevanja je lahko za nekatere precej te\u017eavno in polno izzivov, zato sem tu, da vam nudim podporo, motivacijo in strokovno znanje. Moje poslanstvo je, da vas usmerjam na poti do bolj polnega, vitalnega in zdravega \u017eivljenja.<br><br>\n\nSkupaj gradimo most do bolj\u0161ega jutri\u0161njega dne, v katerem se boste po\u010dutili najbolje v svoji ko\u017ei. Zdravje je najve\u010dje bogastvo, ki ga imamo. Skupaj ga bomo negovali in varovali.<br><br>\t\t\t\t\t\t\t\t<\/div>\n\t\t\t\t<\/div>\n\t\t\t\t\t<\/div>\n\t\t\t\t<\/div>\n\t\t\t\t<\/div>","protected":false},"excerpt":{"rendered":"<p>In\u017e. mag. prehrane Lana Krajnc Moja zgodba je zgodba o strasti do prehrane in osebni preobrazbi. \u017de od osnovne \u0161ole naprej me je fascinirala mo\u010d hrane in njen vpliv na na\u0161e \u017eivljenje. Toda konec osnovne \u0161ole je skupaj z fazo najstni\u0161tva prinesel moj najte\u017eji preizkus &#8211; soo\u010denje z anoreksijo. Prepri\u010dana sem, da so na pojav&hellip;&nbsp;<a href=\"https:\/\/lanavital.com\/en\/o-meni\/\" rel=\"bookmark\">Read More &raquo;<span class=\"screen-reader-text\">O meni<\/span><\/a><\/p>","protected":false},"author":1,"featured_media":0,"parent":0,"menu_order":0,"comment_status":"closed","ping_status":"closed","template":"page-templates\/template-pagebuilder-full-width.php","meta":{"_acf_changed":false,"neve_meta_sidebar":"","neve_meta_container":"","neve_meta_enable_content_width":"off","neve_meta_content_width":100,"neve_meta_title_alignment":"","neve_meta_author_avatar":"","neve_post_elements_order":"","neve_meta_disable_header":"","neve_meta_disable_footer":"","neve_meta_disable_title":"","footnotes":""},"class_list":["post-31","page","type-page","status-publish","hentry"],"acf":[],"yoast_head":"<!-- This site is optimized with the Yoast SEO plugin v27.0 - https:\/\/yoast.com\/product\/yoast-seo-wordpress\/ -->\n<title>Lana Krajnc mag.ing.preh. - LanaVital<\/title>\n<meta name=\"description\" content=\"Pomagati vam \u017eelim odkriti mo\u010d uravnote\u017eene prehrane. Prehrana je namre\u010d ve\u010d kot le sredstvo za ohranjanje zdrave telesne mase.\" \/>\n<meta name=\"robots\" content=\"index, follow, max-snippet:-1, max-image-preview:large, max-video-preview:-1\" \/>\n<link rel=\"canonical\" href=\"https:\/\/lanavital.com\/en\/o-meni\/\" \/>\n<meta property=\"og:locale\" content=\"en_GB\" \/>\n<meta property=\"og:type\" content=\"article\" \/>\n<meta property=\"og:title\" content=\"Lana Krajnc mag.ing.preh. - LanaVital\" \/>\n<meta property=\"og:description\" content=\"Pomagati vam \u017eelim odkriti mo\u010d uravnote\u017eene prehrane. Prehrana je namre\u010d ve\u010d kot le sredstvo za ohranjanje zdrave telesne mase.\" \/>\n<meta property=\"og:url\" content=\"https:\/\/lanavital.com\/en\/o-meni\/\" \/>\n<meta property=\"og:site_name\" content=\"LanaVital\" \/>\n<meta property=\"article:modified_time\" content=\"2024-05-16T19:33:34+00:00\" \/>\n<meta property=\"og:image\" content=\"https:\/\/lanavital.com\/wp-content\/uploads\/2024\/02\/O-meni_LanaVitall.jpg\" \/>\n<meta name=\"twitter:card\" content=\"summary_large_image\" \/>\n<meta name=\"twitter:label1\" content=\"Estimated reading time\" \/>\n\t<meta name=\"twitter:data1\" content=\"3 minutes\" \/>\n<script type=\"application\/ld+json\" class=\"yoast-schema-graph\">{\"@context\":\"https:\/\/schema.org\",\"@graph\":[{\"@type\":\"WebPage\",\"@id\":\"https:\/\/lanavital.com\/o-meni\/\",\"url\":\"https:\/\/lanavital.com\/o-meni\/\",\"name\":\"Lana Krajnc mag.ing.preh. - LanaVital\",\"isPartOf\":{\"@id\":\"https:\/\/lanavital.com\/#website\"},\"primaryImageOfPage\":{\"@id\":\"https:\/\/lanavital.com\/o-meni\/#primaryimage\"},\"image\":{\"@id\":\"https:\/\/lanavital.com\/o-meni\/#primaryimage\"},\"thumbnailUrl\":\"https:\/\/lanavital.com\/wp-content\/uploads\/2024\/02\/O-meni_LanaVitall.jpg\",\"datePublished\":\"2023-11-26T09:39:26+00:00\",\"dateModified\":\"2024-05-16T19:33:34+00:00\",\"description\":\"Pomagati vam \u017eelim odkriti mo\u010d uravnote\u017eene prehrane. Prehrana je namre\u010d ve\u010d kot le sredstvo za ohranjanje zdrave telesne mase.\",\"breadcrumb\":{\"@id\":\"https:\/\/lanavital.com\/o-meni\/#breadcrumb\"},\"inLanguage\":\"en-GB\",\"potentialAction\":[{\"@type\":\"ReadAction\",\"target\":[\"https:\/\/lanavital.com\/o-meni\/\"]}]},{\"@type\":\"ImageObject\",\"inLanguage\":\"en-GB\",\"@id\":\"https:\/\/lanavital.com\/o-meni\/#primaryimage\",\"url\":\"https:\/\/lanavital.com\/wp-content\/uploads\/2024\/02\/O-meni_LanaVitall.jpg\",\"contentUrl\":\"https:\/\/lanavital.com\/wp-content\/uploads\/2024\/02\/O-meni_LanaVitall.jpg\"},{\"@type\":\"BreadcrumbList\",\"@id\":\"https:\/\/lanavital.com\/o-meni\/#breadcrumb\",\"itemListElement\":[{\"@type\":\"ListItem\",\"position\":1,\"name\":\"Home\",\"item\":\"https:\/\/lanavital.com\/\"},{\"@type\":\"ListItem\",\"position\":2,\"name\":\"O meni\"}]},{\"@type\":\"WebSite\",\"@id\":\"https:\/\/lanavital.com\/#website\",\"url\":\"https:\/\/lanavital.com\/\",\"name\":\"LanaVital\",\"description\":\"Prehransko svetovanje\",\"publisher\":{\"@id\":\"https:\/\/lanavital.com\/#organization\"},\"potentialAction\":[{\"@type\":\"SearchAction\",\"target\":{\"@type\":\"EntryPoint\",\"urlTemplate\":\"https:\/\/lanavital.com\/?s={search_term_string}\"},\"query-input\":{\"@type\":\"PropertyValueSpecification\",\"valueRequired\":true,\"valueName\":\"search_term_string\"}}],\"inLanguage\":\"en-GB\"},{\"@type\":\"Organization\",\"@id\":\"https:\/\/lanavital.com\/#organization\",\"name\":\"LanaVital\",\"url\":\"https:\/\/lanavital.com\/\",\"logo\":{\"@type\":\"ImageObject\",\"inLanguage\":\"en-GB\",\"@id\":\"https:\/\/lanavital.com\/#\/schema\/logo\/image\/\",\"url\":\"https:\/\/lanavital.com\/wp-content\/uploads\/2023\/12\/logo_only.svg\",\"contentUrl\":\"https:\/\/lanavital.com\/wp-content\/uploads\/2023\/12\/logo_only.svg\",\"width\":140,\"height\":25,\"caption\":\"LanaVital\"},\"image\":{\"@id\":\"https:\/\/lanavital.com\/#\/schema\/logo\/image\/\"}}]}<\/script>\n<!-- \/ Yoast SEO plugin. -->","yoast_head_json":{"title":"Lana Krajnc mag.ing.preh. - LanaVital","description":"Pomagati vam \u017eelim odkriti mo\u010d uravnote\u017eene prehrane. Prehrana je namre\u010d ve\u010d kot le sredstvo za ohranjanje zdrave telesne mase.","robots":{"index":"index","follow":"follow","max-snippet":"max-snippet:-1","max-image-preview":"max-image-preview:large","max-video-preview":"max-video-preview:-1"},"canonical":"https:\/\/lanavital.com\/en\/o-meni\/","og_locale":"en_GB","og_type":"article","og_title":"Lana Krajnc mag.ing.preh. - LanaVital","og_description":"Pomagati vam \u017eelim odkriti mo\u010d uravnote\u017eene prehrane. Prehrana je namre\u010d ve\u010d kot le sredstvo za ohranjanje zdrave telesne mase.","og_url":"https:\/\/lanavital.com\/en\/o-meni\/","og_site_name":"LanaVital","article_modified_time":"2024-05-16T19:33:34+00:00","og_image":[{"url":"https:\/\/lanavital.com\/wp-content\/uploads\/2024\/02\/O-meni_LanaVitall.jpg","type":"","width":"","height":""}],"twitter_card":"summary_large_image","twitter_misc":{"Estimated reading time":"3 minutes"},"schema":{"@context":"https:\/\/schema.org","@graph":[{"@type":"WebPage","@id":"https:\/\/lanavital.com\/o-meni\/","url":"https:\/\/lanavital.com\/o-meni\/","name":"Lana Krajnc mag.ing.preh. - LanaVital","isPartOf":{"@id":"https:\/\/lanavital.com\/#website"},"primaryImageOfPage":{"@id":"https:\/\/lanavital.com\/o-meni\/#primaryimage"},"image":{"@id":"https:\/\/lanavital.com\/o-meni\/#primaryimage"},"thumbnailUrl":"https:\/\/lanavital.com\/wp-content\/uploads\/2024\/02\/O-meni_LanaVitall.jpg","datePublished":"2023-11-26T09:39:26+00:00","dateModified":"2024-05-16T19:33:34+00:00","description":"Pomagati vam \u017eelim odkriti mo\u010d uravnote\u017eene prehrane. Prehrana je namre\u010d ve\u010d kot le sredstvo za ohranjanje zdrave telesne mase.","breadcrumb":{"@id":"https:\/\/lanavital.com\/o-meni\/#breadcrumb"},"inLanguage":"en-GB","potentialAction":[{"@type":"ReadAction","target":["https:\/\/lanavital.com\/o-meni\/"]}]},{"@type":"ImageObject","inLanguage":"en-GB","@id":"https:\/\/lanavital.com\/o-meni\/#primaryimage","url":"https:\/\/lanavital.com\/wp-content\/uploads\/2024\/02\/O-meni_LanaVitall.jpg","contentUrl":"https:\/\/lanavital.com\/wp-content\/uploads\/2024\/02\/O-meni_LanaVitall.jpg"},{"@type":"BreadcrumbList","@id":"https:\/\/lanavital.com\/o-meni\/#breadcrumb","itemListElement":[{"@type":"ListItem","position":1,"name":"Home","item":"https:\/\/lanavital.com\/"},{"@type":"ListItem","position":2,"name":"O meni"}]},{"@type":"WebSite","@id":"https:\/\/lanavital.com\/#website","url":"https:\/\/lanavital.com\/","name":"LanaVital","description":"Prehransko svetovanje","publisher":{"@id":"https:\/\/lanavital.com\/#organization"},"potentialAction":[{"@type":"SearchAction","target":{"@type":"EntryPoint","urlTemplate":"https:\/\/lanavital.com\/?s={search_term_string}"},"query-input":{"@type":"PropertyValueSpecification","valueRequired":true,"valueName":"search_term_string"}}],"inLanguage":"en-GB"},{"@type":"Organization","@id":"https:\/\/lanavital.com\/#organization","name":"LanaVital","url":"https:\/\/lanavital.com\/","logo":{"@type":"ImageObject","inLanguage":"en-GB","@id":"https:\/\/lanavital.com\/#\/schema\/logo\/image\/","url":"https:\/\/lanavital.com\/wp-content\/uploads\/2023\/12\/logo_only.svg","contentUrl":"https:\/\/lanavital.com\/wp-content\/uploads\/2023\/12\/logo_only.svg","width":140,"height":25,"caption":"LanaVital"},"image":{"@id":"https:\/\/lanavital.com\/#\/schema\/logo\/image\/"}}]}},"_links":{"self":[{"href":"https:\/\/lanavital.com\/en\/wp-json\/wp\/v2\/pages\/31","targetHints":{"allow":["GET"]}}],"collection":[{"href":"https:\/\/lanavital.com\/en\/wp-json\/wp\/v2\/pages"}],"about":[{"href":"https:\/\/lanavital.com\/en\/wp-json\/wp\/v2\/types\/page"}],"author":[{"embeddable":true,"href":"https:\/\/lanavital.com\/en\/wp-json\/wp\/v2\/users\/1"}],"replies":[{"embeddable":true,"href":"https:\/\/lanavital.com\/en\/wp-json\/wp\/v2\/comments?post=31"}],"version-history":[{"count":65,"href":"https:\/\/lanavital.com\/en\/wp-json\/wp\/v2\/pages\/31\/revisions"}],"predecessor-version":[{"id":4620,"href":"https:\/\/lanavital.com\/en\/wp-json\/wp\/v2\/pages\/31\/revisions\/4620"}],"wp:attachment":[{"href":"https:\/\/lanavital.com\/en\/wp-json\/wp\/v2\/media?parent=31"}],"curies":[{"name":"wp","href":"https:\/\/api.w.org\/{rel}","templated":true}]}}