{"id":3,"date":"2023-11-23T21:12:13","date_gmt":"2023-11-23T21:12:13","guid":{"rendered":"https:\/\/lanavital.com\/?page_id=3"},"modified":"2024-05-15T12:57:52","modified_gmt":"2024-05-15T12:57:52","slug":"politika-zasebnosti","status":"publish","type":"page","link":"https:\/\/lanavital.com\/en\/politika-zasebnosti\/","title":{"rendered":"Politika zasebnosti"},"content":{"rendered":"<div data-elementor-type=\"wp-page\" data-elementor-id=\"3\" class=\"elementor elementor-3\" data-elementor-post-type=\"page\">\n\t\t\t\t<div class=\"elementor-element elementor-element-5bb3e16e e-flex e-con-boxed e-con e-parent\" data-id=\"5bb3e16e\" data-element_type=\"container\" data-e-type=\"container\">\n\t\t\t\t\t<div class=\"e-con-inner\">\n\t\t\t\t<div class=\"elementor-element elementor-element-79b1f217 elementor-widget elementor-widget-text-editor\" data-id=\"79b1f217\" data-element_type=\"widget\" data-e-type=\"widget\" data-widget_type=\"text-editor.default\">\n\t\t\t\t<div class=\"elementor-widget-container\">\n\t\t\t\t\t\t\t\t\t\n<h2 class=\"wp-block-heading\">Politika zasebnosti za spletno trgovino LanaVital.si<\/h2>\n<h4>Uvod<\/h4>\n<p>Spletna trgovina LanaVital.si (v nadaljevanju &#8220;mi&#8221;, &#8220;na\u0161a&#8221; ali &#8220;spletna trgovina&#8221;), ki jo upravlja Lana Krajnc s.p., Glavni trg 19c, 2000 Maribor, se zavezuje k varovanju zasebnosti na\u0161ih strank. Ta politika zasebnosti pojasnjuje, kako zbiramo, uporabljamo, shranjujemo in \u0161\u010ditimo osebne podatke, ki nam jih posredujete preko na\u0161e spletne strani.<\/p>\n<br><br>\n<h4>Obseg politike zasebnosti<\/h4>\n<p>Ta politika zasebnosti se nana\u0161a na osebne podatke, zbrane preko na\u0161e spletne strani, vklju\u010dno z informacijami, ki jih zbiramo preko obrazcev za nakupe spletnih programov, registracijo za dostop do uporabni\u0161kih strani ter preko mail forme za dogovarjanje o privatnih svetovanjih.<\/p>\n<br><br>\n<h4>Zbiranje in uporaba osebnih podatkov<\/h4>\n<ol>\n<li>\n<p><strong>Podatki, ki jih zbiramo:<\/strong><\/p>\n<ul>\n<li>Kontaktni podatki (ime, priimek, e-mail naslov).<\/li>\n<li>Podatki za prijavo (uporabni\u0161ko ime, geslo).<\/li>\n<li>Komunikacijski podatki (vsebine va\u0161ih sporo\u010dil, poslanih preko kontaktnega obrazca).<\/li>\n<li>Finan\u010dni podatki in podatki o transakcijah (podatki o nakupih, pla\u010dilne informacije).<\/li>\n<\/ul>\n<\/li>\n<li>\n<p><strong>Namena uporabe va\u0161ih podatkov:<\/strong><\/p>\n<ul>\n<li>Obdelava va\u0161ih naro\u010dil in zagotavljanje dostopa do kupljenih spletnih programov.<\/li>\n<li>Komunikacija z vami v zvezi z va\u0161imi povpra\u0161evanji, naro\u010dili in svetovanji.<\/li>\n<li>Zagotavljanje podpore strankam.<\/li>\n<li>Izvajanje analize in izbolj\u0161ave na\u0161ih storitev.<\/li>\n<\/ul>\n<\/li>\n<\/ol>\n<br>\n<h4>Deljenje osebnih podatkov<\/h4>\n<p>Va\u0161e osebne podatke lahko delimo z zaupanja vrednimi tretjimi osebami, ki nam pomagajo pri izvajanju poslovnih dejavnosti, kot so obdelava pla\u010dil in podpora strankam. Vsi tretji ponudniki so zavezani k spo\u0161tovanju zaupnosti va\u0161ih podatkov in jih ne smejo uporabljati za nobene druge namene.<\/p>\n<br>\n<h4>Varnost podatkov<\/h4>\n<p>Zavezujemo se k za\u0161\u010diti va\u0161ih osebnih podatkov z uporabo ustreznih tehni\u010dnih in organizacijskih ukrepov za prepre\u010devanje nepoobla\u0161\u010denega dostopa, izgube ali uni\u010denja va\u0161ih podatkov.<\/p>\n<br>\n<h4>Va\u0161e pravice<\/h4>\n<p>Imate pravico do dostopa, popravka, izbrisa ali omejitve obdelave va\u0161ih osebnih podatkov. Prav tako lahko ugovarjate obdelavi va\u0161ih podatkov in imate pravico do prenosljivosti podatkov. \u010ce \u017eelite uveljavljati katero od teh pravic, nas kontaktirajte na na\u0161 elektronski naslov info@lanavital.com<\/p>\n<br>\n<h4>Spremembe politike zasebnosti<\/h4>\n<p>Ob\u010dasno lahko posodobimo to politiko zasebnosti, da odra\u017ea spremembe v na\u0161ih praksah. Spremembe bodo objavljene na na\u0161i spletni strani, zato vas spodbujamo, da ob\u010dasno preverite to stran za najnovej\u0161e informacije o na\u0161ih praksah zasebnosti.<\/p>\n<br>\n<h4>Kontaktni podatki<\/h4>\n<p>\u010ce imate kakr\u0161nakoli vpra\u0161anja ali pomisleke glede na\u0161e politike zasebnosti, nas lahko kontaktirate preko elektronskega naslova info@lanavital.com ali na na\u0161em po\u0161tnem naslov.<\/p>\n\t\t\t\t\t\t\t\t<\/div>\n\t\t\t\t<\/div>\n\t\t\t\t\t<\/div>\n\t\t\t\t<\/div>\n\t\t\t\t<\/div>","protected":false},"excerpt":{"rendered":"<p>Politika zasebnosti za spletno trgovino LanaVital.si Uvod Spletna trgovina LanaVital.si (v nadaljevanju &#8220;mi&#8221;, &#8220;na\u0161a&#8221; ali &#8220;spletna trgovina&#8221;), ki jo upravlja Lana Krajnc s.p., Glavni trg 19c, 2000 Maribor, se zavezuje k varovanju zasebnosti na\u0161ih strank. Ta politika zasebnosti pojasnjuje, kako zbiramo, uporabljamo, shranjujemo in \u0161\u010ditimo osebne podatke, ki nam jih posredujete preko na\u0161e spletne strani.&hellip;&nbsp;<a href=\"https:\/\/lanavital.com\/en\/politika-zasebnosti\/\" rel=\"bookmark\">Read More &raquo;<span class=\"screen-reader-text\">Politika zasebnosti<\/span><\/a><\/p>","protected":false},"author":1,"featured_media":0,"parent":0,"menu_order":0,"comment_status":"closed","ping_status":"closed","template":"","meta":{"_acf_changed":false,"neve_meta_sidebar":"","neve_meta_container":"","neve_meta_enable_content_width":"","neve_meta_content_width":0,"neve_meta_title_alignment":"","neve_meta_author_avatar":"","neve_post_elements_order":"","neve_meta_disable_header":"","neve_meta_disable_footer":"","neve_meta_disable_title":"","footnotes":""},"class_list":["post-3","page","type-page","status-publish","hentry"],"acf":[],"yoast_head":"<!-- This site is optimized with the Yoast SEO plugin v27.0 - https:\/\/yoast.com\/product\/yoast-seo-wordpress\/ -->\n<title>Politika zasebnosti - LanaVital<\/title>\n<meta name=\"robots\" content=\"index, follow, max-snippet:-1, max-image-preview:large, max-video-preview:-1\" \/>\n<link rel=\"canonical\" href=\"https:\/\/lanavital.com\/en\/politika-zasebnosti\/\" \/>\n<meta property=\"og:locale\" content=\"en_GB\" \/>\n<meta property=\"og:type\" content=\"article\" \/>\n<meta property=\"og:title\" content=\"Politika zasebnosti - LanaVital\" \/>\n<meta property=\"og:description\" content=\"Politika zasebnosti za spletno trgovino LanaVital.si Uvod Spletna trgovina LanaVital.si (v nadaljevanju &#8220;mi&#8221;, &#8220;na\u0161a&#8221; ali &#8220;spletna trgovina&#8221;), ki jo upravlja Lana Krajnc s.p., Glavni trg 19c, 2000 Maribor, se zavezuje k varovanju zasebnosti na\u0161ih strank. Ta politika zasebnosti pojasnjuje, kako zbiramo, uporabljamo, shranjujemo in \u0161\u010ditimo osebne podatke, ki nam jih posredujete preko na\u0161e spletne strani.&hellip;&nbsp;Read More &raquo;Politika zasebnosti\" \/>\n<meta property=\"og:url\" content=\"https:\/\/lanavital.com\/en\/politika-zasebnosti\/\" \/>\n<meta property=\"og:site_name\" content=\"LanaVital\" \/>\n<meta property=\"article:modified_time\" content=\"2024-05-15T12:57:52+00:00\" \/>\n<meta name=\"twitter:card\" content=\"summary_large_image\" \/>\n<meta name=\"twitter:label1\" content=\"Estimated reading time\" \/>\n\t<meta name=\"twitter:data1\" content=\"2 minutes\" \/>\n<script type=\"application\/ld+json\" class=\"yoast-schema-graph\">{\"@context\":\"https:\/\/schema.org\",\"@graph\":[{\"@type\":\"WebPage\",\"@id\":\"https:\/\/lanavital.com\/politika-zasebnosti\/\",\"url\":\"https:\/\/lanavital.com\/politika-zasebnosti\/\",\"name\":\"Politika zasebnosti - LanaVital\",\"isPartOf\":{\"@id\":\"https:\/\/lanavital.com\/#website\"},\"datePublished\":\"2023-11-23T21:12:13+00:00\",\"dateModified\":\"2024-05-15T12:57:52+00:00\",\"breadcrumb\":{\"@id\":\"https:\/\/lanavital.com\/politika-zasebnosti\/#breadcrumb\"},\"inLanguage\":\"en-GB\",\"potentialAction\":[{\"@type\":\"ReadAction\",\"target\":[\"https:\/\/lanavital.com\/politika-zasebnosti\/\"]}]},{\"@type\":\"BreadcrumbList\",\"@id\":\"https:\/\/lanavital.com\/politika-zasebnosti\/#breadcrumb\",\"itemListElement\":[{\"@type\":\"ListItem\",\"position\":1,\"name\":\"Home\",\"item\":\"https:\/\/lanavital.com\/\"},{\"@type\":\"ListItem\",\"position\":2,\"name\":\"Politika zasebnosti\"}]},{\"@type\":\"WebSite\",\"@id\":\"https:\/\/lanavital.com\/#website\",\"url\":\"https:\/\/lanavital.com\/\",\"name\":\"LanaVital\",\"description\":\"Prehransko svetovanje\",\"publisher\":{\"@id\":\"https:\/\/lanavital.com\/#organization\"},\"potentialAction\":[{\"@type\":\"SearchAction\",\"target\":{\"@type\":\"EntryPoint\",\"urlTemplate\":\"https:\/\/lanavital.com\/?s={search_term_string}\"},\"query-input\":{\"@type\":\"PropertyValueSpecification\",\"valueRequired\":true,\"valueName\":\"search_term_string\"}}],\"inLanguage\":\"en-GB\"},{\"@type\":\"Organization\",\"@id\":\"https:\/\/lanavital.com\/#organization\",\"name\":\"LanaVital\",\"url\":\"https:\/\/lanavital.com\/\",\"logo\":{\"@type\":\"ImageObject\",\"inLanguage\":\"en-GB\",\"@id\":\"https:\/\/lanavital.com\/#\/schema\/logo\/image\/\",\"url\":\"https:\/\/lanavital.com\/wp-content\/uploads\/2023\/12\/logo_only.svg\",\"contentUrl\":\"https:\/\/lanavital.com\/wp-content\/uploads\/2023\/12\/logo_only.svg\",\"width\":140,\"height\":25,\"caption\":\"LanaVital\"},\"image\":{\"@id\":\"https:\/\/lanavital.com\/#\/schema\/logo\/image\/\"}}]}<\/script>\n<!-- \/ Yoast SEO plugin. -->","yoast_head_json":{"title":"Politika zasebnosti - LanaVital","robots":{"index":"index","follow":"follow","max-snippet":"max-snippet:-1","max-image-preview":"max-image-preview:large","max-video-preview":"max-video-preview:-1"},"canonical":"https:\/\/lanavital.com\/en\/politika-zasebnosti\/","og_locale":"en_GB","og_type":"article","og_title":"Politika zasebnosti - LanaVital","og_description":"Politika zasebnosti za spletno trgovino LanaVital.si Uvod Spletna trgovina LanaVital.si (v nadaljevanju &#8220;mi&#8221;, &#8220;na\u0161a&#8221; ali &#8220;spletna trgovina&#8221;), ki jo upravlja Lana Krajnc s.p., Glavni trg 19c, 2000 Maribor, se zavezuje k varovanju zasebnosti na\u0161ih strank. Ta politika zasebnosti pojasnjuje, kako zbiramo, uporabljamo, shranjujemo in \u0161\u010ditimo osebne podatke, ki nam jih posredujete preko na\u0161e spletne strani.&hellip;&nbsp;Read More &raquo;Politika zasebnosti","og_url":"https:\/\/lanavital.com\/en\/politika-zasebnosti\/","og_site_name":"LanaVital","article_modified_time":"2024-05-15T12:57:52+00:00","twitter_card":"summary_large_image","twitter_misc":{"Estimated reading time":"2 minutes"},"schema":{"@context":"https:\/\/schema.org","@graph":[{"@type":"WebPage","@id":"https:\/\/lanavital.com\/politika-zasebnosti\/","url":"https:\/\/lanavital.com\/politika-zasebnosti\/","name":"Politika zasebnosti - LanaVital","isPartOf":{"@id":"https:\/\/lanavital.com\/#website"},"datePublished":"2023-11-23T21:12:13+00:00","dateModified":"2024-05-15T12:57:52+00:00","breadcrumb":{"@id":"https:\/\/lanavital.com\/politika-zasebnosti\/#breadcrumb"},"inLanguage":"en-GB","potentialAction":[{"@type":"ReadAction","target":["https:\/\/lanavital.com\/politika-zasebnosti\/"]}]},{"@type":"BreadcrumbList","@id":"https:\/\/lanavital.com\/politika-zasebnosti\/#breadcrumb","itemListElement":[{"@type":"ListItem","position":1,"name":"Home","item":"https:\/\/lanavital.com\/"},{"@type":"ListItem","position":2,"name":"Politika zasebnosti"}]},{"@type":"WebSite","@id":"https:\/\/lanavital.com\/#website","url":"https:\/\/lanavital.com\/","name":"LanaVital","description":"Prehransko svetovanje","publisher":{"@id":"https:\/\/lanavital.com\/#organization"},"potentialAction":[{"@type":"SearchAction","target":{"@type":"EntryPoint","urlTemplate":"https:\/\/lanavital.com\/?s={search_term_string}"},"query-input":{"@type":"PropertyValueSpecification","valueRequired":true,"valueName":"search_term_string"}}],"inLanguage":"en-GB"},{"@type":"Organization","@id":"https:\/\/lanavital.com\/#organization","name":"LanaVital","url":"https:\/\/lanavital.com\/","logo":{"@type":"ImageObject","inLanguage":"en-GB","@id":"https:\/\/lanavital.com\/#\/schema\/logo\/image\/","url":"https:\/\/lanavital.com\/wp-content\/uploads\/2023\/12\/logo_only.svg","contentUrl":"https:\/\/lanavital.com\/wp-content\/uploads\/2023\/12\/logo_only.svg","width":140,"height":25,"caption":"LanaVital"},"image":{"@id":"https:\/\/lanavital.com\/#\/schema\/logo\/image\/"}}]}},"_links":{"self":[{"href":"https:\/\/lanavital.com\/en\/wp-json\/wp\/v2\/pages\/3","targetHints":{"allow":["GET"]}}],"collection":[{"href":"https:\/\/lanavital.com\/en\/wp-json\/wp\/v2\/pages"}],"about":[{"href":"https:\/\/lanavital.com\/en\/wp-json\/wp\/v2\/types\/page"}],"author":[{"embeddable":true,"href":"https:\/\/lanavital.com\/en\/wp-json\/wp\/v2\/users\/1"}],"replies":[{"embeddable":true,"href":"https:\/\/lanavital.com\/en\/wp-json\/wp\/v2\/comments?post=3"}],"version-history":[{"count":31,"href":"https:\/\/lanavital.com\/en\/wp-json\/wp\/v2\/pages\/3\/revisions"}],"predecessor-version":[{"id":5663,"href":"https:\/\/lanavital.com\/en\/wp-json\/wp\/v2\/pages\/3\/revisions\/5663"}],"wp:attachment":[{"href":"https:\/\/lanavital.com\/en\/wp-json\/wp\/v2\/media?parent=3"}],"curies":[{"name":"wp","href":"https:\/\/api.w.org\/{rel}","templated":true}]}}