{"id":13,"date":"2024-04-29T09:51:38","date_gmt":"2024-04-29T09:51:38","guid":{"rendered":"https:\/\/lanavital.com\/?page_id=13"},"modified":"2024-05-15T13:01:24","modified_gmt":"2024-05-15T13:01:24","slug":"pogoji-poslovanja","status":"publish","type":"page","link":"https:\/\/lanavital.com\/en\/pogoji-poslovanja\/","title":{"rendered":"pogoji poslovanja"},"content":{"rendered":"<div data-elementor-type=\"wp-page\" data-elementor-id=\"13\" class=\"elementor elementor-13\" data-elementor-post-type=\"page\">\n\t\t\t\t<div class=\"elementor-element elementor-element-629fbaac e-flex e-con-boxed e-con e-parent\" data-id=\"629fbaac\" data-element_type=\"container\" data-e-type=\"container\">\n\t\t\t\t\t<div class=\"e-con-inner\">\n\t\t\t\t<div class=\"elementor-element elementor-element-1e22c8ff elementor-widget elementor-widget-text-editor\" data-id=\"1e22c8ff\" data-element_type=\"widget\" data-e-type=\"widget\" data-widget_type=\"text-editor.default\">\n\t\t\t\t<div class=\"elementor-widget-container\">\n\t\t\t\t\t\t\t\t\t\n<h2><strong>POGOJI POSLOVANJA IN UPORABE SPLETNE STRANI<\/strong><\/h2>\nSpletno stran lanavital.com in podstrani upravlja LanaVital, Lana Krajnc s.p., Glavni trg 19c, 2000 Maribor (v nadaljevanju \u00bbponudnik\u00ab). Z uporabo spletne strani sprejema obiskovalec, uporabnik oz. kupec (v nadaljevanju \u00bbuporabnik\u00ab) te splo\u0161ne pogoje in potrjuje, da je z njimi seznanjen ter se z njimi strinja.\n\nSpletna stran lanavital.com je javna spletna stran, preko katere je mo\u017een nakup in dostop do posameznih spletnih programov iz podro\u010dja zdrave prehrane in zdravega na\u010dina \u017eivljenja ter druge storitve, opredeljene na spletni strani. Spletni programi so organizirani v obliki video, avdio, besedilnih ter drugih vsebin in so v celoti objavljeni na spletu.\n\nPonudnik se bo z vzdr\u017eevanjem in oblikovanjem teh spletnih strani trudil zagotavljati to\u010dnost, pravilnost in a\u017eurnost objavljenih vsebin, vendar ne zagotavlja in ne prevzema odgovornosti za njihovo to\u010dnost in celovitost kot tudi ne za \u0161kodo, povzro\u010deno z uporabo teh spletnih strani oziroma njenih vsebin. Dopu\u0161\u010dena je mo\u017enost tipkarskih napak. Fotografije na spletni strani so lahko simboli\u010dne.\n\nVsi uporabniki objavljeno vsebino uporabljajo na lastno odgovornost. Ponudnik si pridru\u017euje pravico do spreminjanja, dodajanja ali odstranitve spletnih strani (v celoti ali delno) ter brez predhodnega opozorila in ne odgovarja za posledice tako povzro\u010denih sprememb.\n\nUporabnik oz. kupec s strinjanjem s splo\u0161nimi pogoji potrjuje, da je starej\u0161i od 18 let.\n<br><br>\n<h4><strong>AVTORSKE PRAVICE<\/strong><\/h4>\nUporabniki lahko razpolagajo z vsebinami na spletni strani lanavital.com za svojo osebno uporabo.\n\nVse vsebine (pisne, slikovne, avdio in video), ki so objavljene na spletnih straneh ponudnika, so za\u0161\u010diteno avtorsko delo ponudnika ali njegovih pogodbenih partnerjev skladno z dolo\u010dbami Zakona o avtorski in sorodnih pravicah.\n\nPrepovedana je reprodukcija, distribucija, spreminjanje, javno prikazovanje in predvajanje ter ostale oblike izkori\u0161\u010danja avtorskega dela brez izrecnega pisnega obvestila ponudniku in njegovega pisnega soglasja.\n<br><br>\n<h4><strong>CENE<\/strong><\/h4>\nVse cene v cenikih oziroma na spletnih straneh so v evrih (\u20ac) in, \u010de ni posebej dolo\u010deno druga\u010de, ne vsebujejo davka na dodano vrednost (DDV) \u2013 podjetje LanaVital, Lana Krajnc s.p. ni dav\u010dni zavezanec.\n\nVeljajo cene in ostali pogoji (npr. popusti) v trenutku potrditve naro\u010dila. Cene se lahko spremenijo brez predhodne napovedi.\n\nPonudnik je upravi\u010den spreminjati dolo\u010dila teh splo\u0161nih pogojev, vklju\u010dno s spremembami cen posameznih storitev, pri \u010demer se za datum spremembe \u0161teje objava na spletni strani.\n\nV primeru spremembe cenikov, spremenjene cene veljajo z dnem objave. Akcijske ponudbe veljajo do preklica.\n<br><br>\n<h4><strong>NA\u010cINI PLA\u010cILA, POSTOPEK NAKUPA, IZDAJA RA\u010cUNOV IN DOSTOP DO KUPLJENIH PRODUKTOV IN STORITEV<\/strong><\/h4>\nIzdajatelj ra\u010dunov, ki se navezujejo na nakup produktov in storitev preko spletne strani lanavital.com je podjetje LanaVital, Lana Krajnc s.p., Glavni trg 19c, 2000 Maribor.\n\nPonudnik omogo\u010da naslednje na\u010dine pla\u010dila:\n\n&#8211; Pla\u010dilo s kreditno kartico (za spletne programe)\n\n&#8211; Pla\u010dilo z nakazilom na TRR ponudnika (za individualna prehranska svetovanja).\n\nKo ste spletni program pla\u010dali s kreditno kartico bo le-ta dostopen na va\u0161em ustvarjenem uporabni\u0161kem ra\u010dunu. Uporabni\u0161ki ra\u010dun je dostopen z va\u0161im izbranim uporabni\u0161kim imenom in geslom. Do vsebin lahko kadarkoli prosto dostopate.\n\nZaradi narave ponudnikovih storitev (spletni programi) dobi uporabnik dostop do naro\u010denih vsebin po dejansko opravljenem pla\u010dilu za naro\u010dene storitve. Vsi dostopi do spletnih izobra\u017eevalnih programov in drugih naro\u010denih vsebin vam bodo omogo\u010deni najkasneje v roku 48 ur od prejema pla\u010dila.\n\nVsa nakazila v primeru izbire \u2018Pla\u010dilo z nakazilom na TRR ponudnika\u2019 morajo biti izvedena na ra\u010dun podjetja LanaVital, Lana Krajnc s.p, Glavni trg 19c, 2000 Maribor, SI56 0313 2100 0501 152\n\nProdajna pogodba se sklene med kupcem in ponudnikom. Pogodba je sklenjena v trenutku, ko kupec izvede pla\u010dilo.\n\nRa\u010dun za izvedeno pla\u010dilo boste prejeli najkasneje v 8 dneh po prejetem pla\u010dilu na naveden elektronski naslov.\n\nRa\u010dunov ne po\u0161iljamo po po\u0161ti v papirnati obliki, razen \u010de to izrecno \u017eelite in zahtevate (v tem primeru to sporo\u010dite na email naslov\u00a0info@lanavital.com).\n\nKupec sogla\u0161a, da mu lahko ponudnik izda ra\u010dun tudi samo v elektronski obliki in mu ga po\u0161lje po e-po\u0161ti oziroma s sredstvi elektronske komunikacije. V primeru, ko kupec \u017eeli oziroma zahteva izdajo ra\u010duna\/-ov v papirnati obliki (npr. \u010de izgubi ra\u010dun in \u017eeli njegovo ponovno izdajo v papirnati obliki ipd.), ima ponudnik pravico kupcu zara\u010dunati administrativne stro\u0161ke izdaje ra\u010duna.<br><br>\n<h4><strong>ODSTOP OD POGODBE IN VRA\u010cILA<\/strong><\/h4>\nKupci spletnih programov po 43.\u010d \u010dlenu Zakona o varstvu potro\u0161nikov nimajo pravice do odstopa od pogodbe in do vra\u010dila kupnine. (Zakon o varstvu potro\u0161nikov, 43.\u010d \u010dlen, 13. alineja).<br><br>\n<h4><strong>POLITIKA ZAUPNOSTI IN VARSTVO OSEBNIH PODATKOV<\/strong><\/h4>\nPonudnik je v skladu s predpisi, ki urejajo varstvo osebnih podatkov, zavezano k varovanju osebnih podatkov udele\u017eencev oz. uporabnikov spletne strani lanavital.com.\n\nPonudnik se zavezuje, da bo varoval zaupnost osebnih podatkov in zasebnost uporabnikov spletne strani. Ponudnik spo\u0161tuje zaupnost osebnih podatkov in zasebnost uporabnikov spletne strani, zato bo storil vse potrebno, da jih za\u0161iti pred kakr\u0161nimikoli kr\u0161itvami ali zlorabami.\n\nZ registracijo na spletno stran uporabnik jam\u010di za to\u010dnost navedenih podatkov in zagotavlja, da bo s svojim uporabni\u0161kim imenom in geslom do spletne strani dostopal le on oziroma poobla\u0161\u010dena oseba.\n\nHkrati sogla\u0161a, da Ponudnik obdeluje podatke za namene poslovnih evidenc, ogla\u0161evanja in prilagajanja vsebin uporabniku v skladu s Politiko zasebnosti.\n\nSpletno mesto za svoje optimalno delovanje uporablja pi\u0161kotke, ki slu\u017eijo za pravilno izvedbo naro\u010dil, zbiranje podatkov o uporabi na\u0161ih storitev in prilagajanje vsebin obiskovalcem. Z uporabo spletne strani se uporabnik strinja z uporabo pi\u0161kotkov.<br><br>\n<h4><strong>POHVALE IN PRITO\u017dBE UPORABNIKOV<\/strong><\/h4>\nZanima nas va\u0161a izku\u0161nja z nami, tako dobra kot slaba. Na koncu \u0161teje samo va\u0161e zadovoljstvo. Veseli bomo, \u010de nam boste va\u0161o izku\u0161njo pri nakupu sporo\u010dili na e-mail info@lanavital.com.\n<br><br>\n<h4><strong>SPORI IN PRISTOJNO SODI\u0160\u010cE<\/strong><\/h4>\nUporabnik in ponudnik se bosta trudila spore re\u0161evati sporazumno, v medsebojno obojestransko korist in v skladu z najbolj\u0161o prakso poslovanja. \u010ce sporazum ne bo mogo\u010d, bo o sporih odlo\u010dalo stvarno pristojno sodi\u0161\u010de po vsakokratnem sede\u017eu ponudnika.<br><br>\n<h4><strong>ODVEZA ODGOVORNOSTI<\/strong><\/h4>\nVsa vsebina strani lanavital.com in podstrani (besedila, fotografije, avdio, video vsebine in drugo) je izklju\u010dno informativne narave. Vse programe in nasvete, ki jih ponudnik deli na svoji spletni strani in organizira na spletu ali v \u017eivo, niso nadomestilo za ustrezno zdravni\u0161ko pomo\u010d. \u010ce imate resna bolezenska stanja, bole\u010dine, kakr\u0161nekoli te\u017eave z zdravjem, se pred prakticiranjem programov posvetujete z ustreznim zdravstvenim delavcem.\n\nSpletni programi in druge vsebine na strani so namenjene izobra\u017eevanju in ozave\u0161\u010danju o zdravi prehrani in zdravem \u017eivljenjskem slogu, in temeljijo na znanstvenih virih in osebni izku\u0161nji ponudnika.\n\nVsebine na strani niso namenjene diagnozi, prehranski ali zdravstveni terapiji, zagotavljanju zdravstvene oskrbe ali zdravljenju kakr\u0161negakoli stanja ali bolezni.\n\nUporabniki strani prevzemajo vsa tveganja, ki se lahko pojavijo v povezavi z uporabo strani in izobra\u017eevalnih programov, vklju\u010dno s tveganji, povezanimi s spremembo na\u010dina prehranjevanja in \u017eivljenjskega sloga.\n\nLanaVital, Lana Krajnc s.p. uporabniki strani odvezujejo odgovornosti za kakr\u0161no koli \u0161kodo, ki bi lahko nastala v povezavi z uporabo spletne strani in izobra\u017eevalnih programov. Vse programe, nasvete in druge vsebine, ki jih ponudnik deli na svoji spletni strani in organizira na spletu ali v \u017eivo, niso nadomestilo za ustrezno zdravni\u0161ko pomo\u010d.\n\nNobena informacija na tej strani ni nasvet osebnega zdravnika ali specialista, ne nadome\u0161\u010da diagnoze ali ne sugerira terapije.\n\nUporaba informacij na tej strani je na lastno odgovornost, pri \u010demer eksplicitno pozivamo, da:\n<ul>\n \t<li>se vedno dr\u017eite navodil osebnega zdravnika ali specialista, \u0161e posebej, \u010de imate kakr\u0161no koli diagnozo;<\/li>\n \t<li>\u010de uporabljate zdravila na recept, se morate o vsem posvetovati z izbranim zdravnikom ali specialistom;<\/li>\n \t<li>ne odla\u0161ate obiska pri zdravniku, \u010de sumite na kakr\u0161no koli zdravstveno te\u017eavo.<\/li>\n<\/ul>\nUporaba spletnih programov ali katerihkoli drugih vsebin na spletni strani lanavital.com\u00a0in podstraneh ne zagotavlja rezultatov.<br><br>\n<h4><strong>PODATKI O PODJETJU<\/strong><\/h4>\nLanaVital, Lana Krajnc s.p.\n\nGlavni trg 19c\n\n2000 Maribor\n\nTRR: SI56 0313 2100 0501 152\t\t\t\t\t\t\t\t<\/div>\n\t\t\t\t<\/div>\n\t\t\t\t\t<\/div>\n\t\t\t\t<\/div>\n\t\t\t\t<\/div>","protected":false},"excerpt":{"rendered":"<p>POGOJI POSLOVANJA IN UPORABE SPLETNE STRANI Spletno stran lanavital.com in podstrani upravlja LanaVital, Lana Krajnc s.p., Glavni trg 19c, 2000 Maribor (v nadaljevanju \u00bbponudnik\u00ab). Z uporabo spletne strani sprejema obiskovalec, uporabnik oz. kupec (v nadaljevanju \u00bbuporabnik\u00ab) te splo\u0161ne pogoje in potrjuje, da je z njimi seznanjen ter se z njimi strinja. Spletna stran lanavital.com je&hellip;&nbsp;<a href=\"https:\/\/lanavital.com\/en\/pogoji-poslovanja\/\" rel=\"bookmark\">Read More &raquo;<span class=\"screen-reader-text\">pogoji poslovanja<\/span><\/a><\/p>","protected":false},"author":1,"featured_media":0,"parent":0,"menu_order":0,"comment_status":"closed","ping_status":"closed","template":"","meta":{"_acf_changed":false,"neve_meta_sidebar":"","neve_meta_container":"","neve_meta_enable_content_width":"","neve_meta_content_width":0,"neve_meta_title_alignment":"","neve_meta_author_avatar":"","neve_post_elements_order":"","neve_meta_disable_header":"","neve_meta_disable_footer":"","neve_meta_disable_title":"","footnotes":""},"class_list":["post-13","page","type-page","status-publish","hentry"],"acf":[],"yoast_head":"<!-- This site is optimized with the Yoast SEO plugin v27.0 - https:\/\/yoast.com\/product\/yoast-seo-wordpress\/ -->\n<title>pogoji poslovanja - LanaVital<\/title>\n<meta name=\"robots\" content=\"index, follow, max-snippet:-1, max-image-preview:large, max-video-preview:-1\" \/>\n<link rel=\"canonical\" href=\"https:\/\/lanavital.com\/en\/pogoji-poslovanja\/\" \/>\n<meta property=\"og:locale\" content=\"en_GB\" \/>\n<meta property=\"og:type\" content=\"article\" \/>\n<meta property=\"og:title\" content=\"pogoji poslovanja - LanaVital\" \/>\n<meta property=\"og:description\" content=\"POGOJI POSLOVANJA IN UPORABE SPLETNE STRANI Spletno stran lanavital.com in podstrani upravlja LanaVital, Lana Krajnc s.p., Glavni trg 19c, 2000 Maribor (v nadaljevanju \u00bbponudnik\u00ab). Z uporabo spletne strani sprejema obiskovalec, uporabnik oz. kupec (v nadaljevanju \u00bbuporabnik\u00ab) te splo\u0161ne pogoje in potrjuje, da je z njimi seznanjen ter se z njimi strinja. Spletna stran lanavital.com je&hellip;&nbsp;Read More &raquo;pogoji poslovanja\" \/>\n<meta property=\"og:url\" content=\"https:\/\/lanavital.com\/en\/pogoji-poslovanja\/\" \/>\n<meta property=\"og:site_name\" content=\"LanaVital\" \/>\n<meta property=\"article:modified_time\" content=\"2024-05-15T13:01:24+00:00\" \/>\n<meta name=\"twitter:card\" content=\"summary_large_image\" \/>\n<meta name=\"twitter:label1\" content=\"Estimated reading time\" \/>\n\t<meta name=\"twitter:data1\" content=\"7 minutes\" \/>\n<script type=\"application\/ld+json\" class=\"yoast-schema-graph\">{\"@context\":\"https:\/\/schema.org\",\"@graph\":[{\"@type\":\"WebPage\",\"@id\":\"https:\/\/lanavital.com\/pogoji-poslovanja\/\",\"url\":\"https:\/\/lanavital.com\/pogoji-poslovanja\/\",\"name\":\"pogoji poslovanja - LanaVital\",\"isPartOf\":{\"@id\":\"https:\/\/lanavital.com\/#website\"},\"datePublished\":\"2024-04-29T09:51:38+00:00\",\"dateModified\":\"2024-05-15T13:01:24+00:00\",\"breadcrumb\":{\"@id\":\"https:\/\/lanavital.com\/pogoji-poslovanja\/#breadcrumb\"},\"inLanguage\":\"en-GB\",\"potentialAction\":[{\"@type\":\"ReadAction\",\"target\":[\"https:\/\/lanavital.com\/pogoji-poslovanja\/\"]}]},{\"@type\":\"BreadcrumbList\",\"@id\":\"https:\/\/lanavital.com\/pogoji-poslovanja\/#breadcrumb\",\"itemListElement\":[{\"@type\":\"ListItem\",\"position\":1,\"name\":\"Home\",\"item\":\"https:\/\/lanavital.com\/\"},{\"@type\":\"ListItem\",\"position\":2,\"name\":\"pogoji poslovanja\"}]},{\"@type\":\"WebSite\",\"@id\":\"https:\/\/lanavital.com\/#website\",\"url\":\"https:\/\/lanavital.com\/\",\"name\":\"LanaVital\",\"description\":\"Prehransko svetovanje\",\"publisher\":{\"@id\":\"https:\/\/lanavital.com\/#organization\"},\"potentialAction\":[{\"@type\":\"SearchAction\",\"target\":{\"@type\":\"EntryPoint\",\"urlTemplate\":\"https:\/\/lanavital.com\/?s={search_term_string}\"},\"query-input\":{\"@type\":\"PropertyValueSpecification\",\"valueRequired\":true,\"valueName\":\"search_term_string\"}}],\"inLanguage\":\"en-GB\"},{\"@type\":\"Organization\",\"@id\":\"https:\/\/lanavital.com\/#organization\",\"name\":\"LanaVital\",\"url\":\"https:\/\/lanavital.com\/\",\"logo\":{\"@type\":\"ImageObject\",\"inLanguage\":\"en-GB\",\"@id\":\"https:\/\/lanavital.com\/#\/schema\/logo\/image\/\",\"url\":\"https:\/\/lanavital.com\/wp-content\/uploads\/2023\/12\/logo_only.svg\",\"contentUrl\":\"https:\/\/lanavital.com\/wp-content\/uploads\/2023\/12\/logo_only.svg\",\"width\":140,\"height\":25,\"caption\":\"LanaVital\"},\"image\":{\"@id\":\"https:\/\/lanavital.com\/#\/schema\/logo\/image\/\"}}]}<\/script>\n<!-- \/ Yoast SEO plugin. -->","yoast_head_json":{"title":"pogoji poslovanja - LanaVital","robots":{"index":"index","follow":"follow","max-snippet":"max-snippet:-1","max-image-preview":"max-image-preview:large","max-video-preview":"max-video-preview:-1"},"canonical":"https:\/\/lanavital.com\/en\/pogoji-poslovanja\/","og_locale":"en_GB","og_type":"article","og_title":"pogoji poslovanja - LanaVital","og_description":"POGOJI POSLOVANJA IN UPORABE SPLETNE STRANI Spletno stran lanavital.com in podstrani upravlja LanaVital, Lana Krajnc s.p., Glavni trg 19c, 2000 Maribor (v nadaljevanju \u00bbponudnik\u00ab). Z uporabo spletne strani sprejema obiskovalec, uporabnik oz. kupec (v nadaljevanju \u00bbuporabnik\u00ab) te splo\u0161ne pogoje in potrjuje, da je z njimi seznanjen ter se z njimi strinja. Spletna stran lanavital.com je&hellip;&nbsp;Read More &raquo;pogoji poslovanja","og_url":"https:\/\/lanavital.com\/en\/pogoji-poslovanja\/","og_site_name":"LanaVital","article_modified_time":"2024-05-15T13:01:24+00:00","twitter_card":"summary_large_image","twitter_misc":{"Estimated reading time":"7 minutes"},"schema":{"@context":"https:\/\/schema.org","@graph":[{"@type":"WebPage","@id":"https:\/\/lanavital.com\/pogoji-poslovanja\/","url":"https:\/\/lanavital.com\/pogoji-poslovanja\/","name":"pogoji poslovanja - LanaVital","isPartOf":{"@id":"https:\/\/lanavital.com\/#website"},"datePublished":"2024-04-29T09:51:38+00:00","dateModified":"2024-05-15T13:01:24+00:00","breadcrumb":{"@id":"https:\/\/lanavital.com\/pogoji-poslovanja\/#breadcrumb"},"inLanguage":"en-GB","potentialAction":[{"@type":"ReadAction","target":["https:\/\/lanavital.com\/pogoji-poslovanja\/"]}]},{"@type":"BreadcrumbList","@id":"https:\/\/lanavital.com\/pogoji-poslovanja\/#breadcrumb","itemListElement":[{"@type":"ListItem","position":1,"name":"Home","item":"https:\/\/lanavital.com\/"},{"@type":"ListItem","position":2,"name":"pogoji poslovanja"}]},{"@type":"WebSite","@id":"https:\/\/lanavital.com\/#website","url":"https:\/\/lanavital.com\/","name":"LanaVital","description":"Prehransko svetovanje","publisher":{"@id":"https:\/\/lanavital.com\/#organization"},"potentialAction":[{"@type":"SearchAction","target":{"@type":"EntryPoint","urlTemplate":"https:\/\/lanavital.com\/?s={search_term_string}"},"query-input":{"@type":"PropertyValueSpecification","valueRequired":true,"valueName":"search_term_string"}}],"inLanguage":"en-GB"},{"@type":"Organization","@id":"https:\/\/lanavital.com\/#organization","name":"LanaVital","url":"https:\/\/lanavital.com\/","logo":{"@type":"ImageObject","inLanguage":"en-GB","@id":"https:\/\/lanavital.com\/#\/schema\/logo\/image\/","url":"https:\/\/lanavital.com\/wp-content\/uploads\/2023\/12\/logo_only.svg","contentUrl":"https:\/\/lanavital.com\/wp-content\/uploads\/2023\/12\/logo_only.svg","width":140,"height":25,"caption":"LanaVital"},"image":{"@id":"https:\/\/lanavital.com\/#\/schema\/logo\/image\/"}}]}},"_links":{"self":[{"href":"https:\/\/lanavital.com\/en\/wp-json\/wp\/v2\/pages\/13","targetHints":{"allow":["GET"]}}],"collection":[{"href":"https:\/\/lanavital.com\/en\/wp-json\/wp\/v2\/pages"}],"about":[{"href":"https:\/\/lanavital.com\/en\/wp-json\/wp\/v2\/types\/page"}],"author":[{"embeddable":true,"href":"https:\/\/lanavital.com\/en\/wp-json\/wp\/v2\/users\/1"}],"replies":[{"embeddable":true,"href":"https:\/\/lanavital.com\/en\/wp-json\/wp\/v2\/comments?post=13"}],"version-history":[{"count":25,"href":"https:\/\/lanavital.com\/en\/wp-json\/wp\/v2\/pages\/13\/revisions"}],"predecessor-version":[{"id":5669,"href":"https:\/\/lanavital.com\/en\/wp-json\/wp\/v2\/pages\/13\/revisions\/5669"}],"wp:attachment":[{"href":"https:\/\/lanavital.com\/en\/wp-json\/wp\/v2\/media?parent=13"}],"curies":[{"name":"wp","href":"https:\/\/api.w.org\/{rel}","templated":true}]}}